{"id":756,"date":"2024-02-19T08:03:21","date_gmt":"2024-02-19T08:03:21","guid":{"rendered":"https:\/\/gebro.es\/?page_id=756"},"modified":"2024-02-19T08:14:43","modified_gmt":"2024-02-19T08:14:43","slug":"personal-data-processing-policy-for-pharmacovigilance","status":"publish","type":"page","link":"https:\/\/gebro.es\/en\/personal-data-processing-policy-for-pharmacovigilance\/","title":{"rendered":"Personal data processing policy for pharmacovigilance"},"content":{"rendered":"\n<p>LABORATORIOS GEBRO PHARMA, S.A. (en adelante \u201cGebro\u201d) tiene la obligaci\u00f3n de realizar un seguimiento sobre la seguridad de todos los productos que desarrollamos o comercializamos en Espa\u00f1a.<\/p>\n\n\n\n<p><br>Las personas pueden presentar variaciones en sus reacciones a los medicamentos y productos sanitarios, lo que hace que no sea posible detectar todas las reacciones o acontecimientos adversos (<em>efectos secundarios<\/em>) asociados al uso de un medicamento o productos sanitario pese a que los estudios cl\u00ednicos son muy completos. Por muy infrecuentes que puedan ser, es de vital importancia registrar los acontecimientos adversos que se notifiquen.<\/p>\n\n\n\n<p><br>Este seguimiento de los acontecimientos adversos se conoce como&nbsp;Farmacovigilancia. Se han establecido una serie de obligaciones en materia de Farmacovigilancia para que Gebro y los Organismos Reguladores (como la Agencia Europea del Medicamento, Agencia Espa\u00f1ola de Medicamentos y Productos Sanitarios y otras autoridades) puedan actuar ante los acontecimientos adversos protegiendo la salud p\u00fablica y garantizando unos elevados niveles de calidad y seguridad de los productos de Gebro.<\/p>\n\n\n\n<p><br>Las obligaciones de Farmacovigilancia nos exigen tratar ciertos datos que permiten identificar directa o indirectamente a la persona (en adelante,&nbsp;\u00abdatos personales\u00bb) en relaci\u00f3n con los pacientes afectados por los acontecimientos adversos que recibimos y con las personas que los notifican. Esto nos permite cumplir las estrictas exigencias que nos obligan a evaluar de forma continua los beneficios y riesgos de los productos desarrollados y\/o comercializados por Gebro y notificar a los organismos reguladores competentes sospechas de reacciones o acontecimientos adversos.<\/p>\n\n\n\n<p><br>La presente Pol\u00edtica de Tratamiento de datos personales para Farmacovigilancia (en adelante, la&nbsp;\u201cPol\u00edtica\u201d) contiene informaci\u00f3n importante para el usuario sobre c\u00f3mo tratamos los datos personales para fines de Farmacovigilancia derivadas de la legislaci\u00f3n de protecci\u00f3n de datos aplicable, y en particular del Reglamento (UE) 2016\/679 General de Protecci\u00f3n de Datos (en adelante,&nbsp;\u201cRGPD\u201d) y la Ley Org\u00e1nica 3\/2018, de 5 de diciembre, de Protecci\u00f3n de Datos Personales y Garant\u00eda de Derechos Digitales (en adelante, \u201cLOPDGDD\u201d).<\/p>\n\n\n\n<p><br>Todos los datos personales aqu\u00ed indicados se tratan exclusivamente para fines de Farmacovigilancia y, \u00fanicamente, cuando sea necesario para evaluar, documentar y notificar adecuadamente los acontecimientos adversos a los organismos competentes.<\/p>\n\n\n\n<p><br>Si tiene alguna pregunta sobre la presente Pol\u00edtica o sobre el modo en que utilizamos sus datos personales, p\u00f3ngase en contacto con nuestro&nbsp;<strong>Delegado de Protecci\u00f3n de Datos<\/strong>&nbsp;en la direcci\u00f3n:&nbsp;<a href=\"mailto:protecciondedatos@gebro.es\">protecciondedatos@gebro.es<\/a>.<\/p>\n\n\n\n<p><strong>1.&nbsp;&nbsp;&nbsp;Categor\u00edas de datos<\/strong><\/p>\n\n\n\n<p>Es posible que necesitemos tratar (incluyendo la recopilaci\u00f3n, almacenamiento y\/o utilizaci\u00f3n de cualquier otro modo) los siguientes datos personales:<\/p>\n\n\n\n<p>1.&nbsp;Relativos al paciente<\/p>\n\n\n\n<ul class=\"wp-block-list\">\n<li>nombre y apellidos<\/li>\n\n\n\n<li>edad o grupo de edad<\/li>\n\n\n\n<li>sexo<\/li>\n\n\n\n<li>peso y estatura<\/li>\n\n\n\n<li>informaci\u00f3n sobre salud;<\/li>\n\n\n\n<li>antecedentes m\u00e9dicos y estado de salud, lo que, por ejemplo, puede incluir:<\/li>\n\n\n\n<li>detalles del producto de Gebro que se sospecha ha causado el acontecimiento adverso, tales como la dosis administrada o prescrita, el motivo de la administraci\u00f3n o prescripci\u00f3n del producto de Gebro y cualquier modificaci\u00f3n respecto a su pauta de administraci\u00f3n habitual;<\/li>\n\n\n\n<li>datos de otros medicamentos que est\u00e9 tomando actualmente o estuviera tomando en el momento del acontecimiento adverso, incluidas las dosis administradas o prescritas, el tiempo que llevaba tomando el medicamento, el motivo por el que lo hac\u00eda y cualquier modificaci\u00f3n respecto a su pauta de administraci\u00f3n habitual;<\/li>\n\n\n\n<li>detalles del acontecimiento adverso sufrido, del tratamiento recibido en relaci\u00f3n con \u00e9l y de posibles efectos a largo plazo para su salud debidos a dicho efecto; as\u00ed como otros antecedentes m\u00e9dicos considerados relevantes por el notificador, incluidos documentos como informes de an\u00e1lisis, historial de medicaci\u00f3n e historia cl\u00ednica del paciente.<\/li>\n<\/ul>\n\n\n\n<p>2.&nbsp;Relativos al notificador<\/p>\n\n\n\n<ul class=\"wp-block-list\">\n<li>nombre y apellidos;<\/li>\n\n\n\n<li>datos de contacto (email, n\u00famero de tel\u00e9fono, n\u00famero de m\u00f3vil);<\/li>\n\n\n\n<li>profesi\u00f3n<\/li>\n\n\n\n<li>relaci\u00f3n con el sujeto del informe.<\/li>\n<\/ul>\n\n\n\n<p><strong>2.&nbsp;&nbsp;&nbsp;Finalidad del tratamiento de los datos (Farmacovigilancia)<\/strong><\/p>\n\n\n\n<p>En el marco del cumplimiento de nuestras obligaciones de Farmacovigilancia, tratamos los datos personales para:<\/p>\n\n\n\n<ul class=\"wp-block-list\">\n<li>investigar los acontecimientos adversos;<\/li>\n\n\n\n<li>ponernos en contacto con el interesado para obtener m\u00e1s informaci\u00f3n sobre el acontecimiento adverso notificado;<\/li>\n\n\n\n<li>cotejar la informaci\u00f3n sobre el acontecimiento adverso con informaci\u00f3n sobre otros acontecimientos adversos recibida por Gebro para analizar la seguridad de nuestros productos; y<\/li>\n\n\n\n<li>remitir los informes obligatorios a los Organismos Reguladores Europeos, Nacionales o auton\u00f3micos para que estos puedan analizar en su conjunto la seguridad de los productos;<\/li>\n<\/ul>\n\n\n\n<p><strong>3.&nbsp;&nbsp;&nbsp;Comunicaci\u00f3n de datos personales<\/strong><\/p>\n\n\n\n<p>Gebro aloja la base de datos de Farmacovigilancia en una m\u00e1quina virtual en Microsoft Azure, concretamente en el CPD de Europa del Norte (Irlanda). El entorno de Preproducci\u00f3n se encuentra en otra m\u00e1quina virtual en Pozuelo de Alarc\u00f3n (Madrid).<\/p>\n\n\n\n<p><strong>4.&nbsp;&nbsp;&nbsp;Seguridad de sus datos personales<\/strong><\/p>\n\n\n\n<p>Teniendo en cuenta el estado de la t\u00e9cnica, y la naturaleza, el alcance, el contexto y los fines del tratamiento, as\u00ed como riesgos de probabilidad y gravedad variables para los derechos y libertades de las personas f\u00edsicas, desde Gebro aplicaremos las medidas t\u00e9cnicas y organizativas apropiadas para garantizar un nivel de seguridad adecuado a sus datos personales.<\/p>\n\n\n\n<p>Siempre que sea razonablemente posible trataremos los datos personales de forma cifrada o anonimizada.<\/p>\n\n\n\n<p><strong>5.&nbsp;&nbsp;&nbsp;Almacenamiento de sus datos<\/strong><\/p>\n\n\n\n<p>Utilizaremos y almacenaremos sus datos personales de conformidad con los requisitos legalmente exigidos para la conservaci\u00f3n y notificaci\u00f3n de la informaci\u00f3n de Farmacovigilancia. Dichos requisitos nos obligan a mantener la informaci\u00f3n de Farmacovigilancia, que puede incluir datos personales, al menos durante todo el ciclo de vida del producto y hasta que hayan transcurrido 10 a\u00f1os desde que se deje de comercializar el medicamento en cuesti\u00f3n.<\/p>\n\n\n\n<p><strong>6.&nbsp;&nbsp;&nbsp;Base jur\u00eddica para tratar sus datos personales<\/strong><\/p>\n\n\n\n<p>Gebro trata los datos personales relevantes a efectos de Farmacovigilancia, que incluyen categor\u00edas especiales de datos personales, de conformidad con el RGPD y con el fin de:<\/p>\n\n\n\n<ul class=\"wp-block-list\">\n<li>investigar los acontecimientos adversos;<\/li>\n\n\n\n<li>cumplir las obligaciones legales derivadas de las leyes y reglamentos aplicables sobre Farmacovigilancia y sus intereses leg\u00edtimos para dichos fines (art\u00edculo 6 del RGPD), considerando que la legislaci\u00f3n de la UE o sus Estados miembros en materia de Farmacovigilancia se ha promulgado por motivos de inter\u00e9s p\u00fablico sustancial en el \u00e1mbito de la salud p\u00fablica y la seguridad de los medicamentos (art\u00edculo 9 del RGPD).<\/li>\n<\/ul>\n\n\n\n<p><strong>7.&nbsp;&nbsp;&nbsp;Informaci\u00f3n sobre sus derechos<\/strong><\/p>\n\n\n\n<p>Usted podr\u00e1 ejercer los siguientes derechos establecidos en la normativa aplicable:&nbsp;<\/p>\n\n\n\n<ul class=\"wp-block-list\">\n<li>Derecho de acceso a sus datos personales que te permite dirigirte a nosotros para conocer si estamos tratando o no tus datos de car\u00e1cter personal;<\/li>\n\n\n\n<li>Derecho de rectificaci\u00f3n, mediante el cual podr\u00e1s obtener la rectificaci\u00f3n de tus datos personales que sean inexactos;<\/li>\n\n\n\n<li>Derecho de oposici\u00f3n, como su nombre indica, supone que podr\u00e1s oponerte, en su totalidad o en parte, a que realicemos un tratamiento de tus datos personales;<\/li>\n\n\n\n<li>Derecho de supresi\u00f3n para solicitar la cancelaci\u00f3n de los datos:<\/li>\n\n\n\n<li>Derecho a la limitaci\u00f3n del tratamiento, que consiste en que el usuario obtenga la limitaci\u00f3n del tratamiento de tus datos que realizamos desde Gebro;<\/li>\n\n\n\n<li>Derecho a retirar su consentimiento en cualquier momento, sin que ello afecte a la validez del tratamiento antes de la retirada;<\/li>\n\n\n\n<li>Derecho a solicitar la portabilidad, es decir, que los datos personales que nos haya facilitado se te devuelvan o se transmitan a otro responsable del tratamiento, en un formato en estructurado, de uso com\u00fan, de lectura mec\u00e1nica e interoperable, sin ning\u00fan impedimento por parte de Gebro.<\/li>\n<\/ul>\n\n\n\n<p>No obstante, sus derechos pueden verse limitados en cumplimiento de las obligaciones de Farmacovigilancia. Sus derechos se hallan limitados cuando exista una base jur\u00eddica para tratar sus datos personales; por ejemplo, no podemos eliminar la informaci\u00f3n recogida en el marco de un informe sobre acontecimientos adversos salvo que dicha informaci\u00f3n sea incorrecta. Le solicitaremos que se identifique oportunamente antes de acceder a cualquier solicitud de acceso a sus datos personales o de rectificaci\u00f3n de estos.<\/p>\n\n\n\n<p><strong>8.&nbsp;&nbsp;&nbsp;Contacto<\/strong><\/p>\n\n\n\n<p>Para cualquier pregunta que desee plantear en relaci\u00f3n con la protecci\u00f3n de datos de Farmacovigilancia o la protecci\u00f3n de datos en general, puede ponerse en contacto con nuestro Delegado de Protecci\u00f3n de Datos:&nbsp;<a href=\"mailto:protecciondedatos@gebro.es\">protecciondedatos@gebro.es<\/a>.<\/p>\n\n\n\n<p>Si desea m\u00e1s informaci\u00f3n puede consultar nuestra Pol\u00edtica de Privacidad en\u00a0<a href=\"https:\/\/gebro.es\/privacy-policy\/\">https:\/\/gebro.es\/politica-privacidad\/<\/a>\u00a0\u00a0<\/p>\n","protected":false},"excerpt":{"rendered":"<p>LABORATORIOS GEBRO PHARMA, S.A. (en adelante \u201cGebro\u201d) tiene la obligaci\u00f3n de realizar un seguimiento sobre la seguridad de todos los productos que desarrollamos o comercializamos en Espa\u00f1a. Las personas pueden presentar variaciones en sus reacciones a los medicamentos y productos sanitarios, lo que hace que no sea posible detectar todas las reacciones o acontecimientos adversos [&hellip;]<\/p>\n","protected":false},"author":1,"featured_media":0,"parent":0,"menu_order":0,"comment_status":"closed","ping_status":"closed","template":"template-legals.blade.php","meta":{"_acf_changed":false,"footnotes":""},"class_list":["post-756","page","type-page","status-publish","hentry"],"acf":[],"yoast_head":"<!-- This site is optimized with the Yoast SEO plugin v27.3 - https:\/\/yoast.com\/product\/yoast-seo-wordpress\/ -->\n<title>Personal data processing policy for pharmacovigilance - Gebro Pharma<\/title>\n<meta name=\"robots\" content=\"index, follow, max-snippet:-1, max-image-preview:large, max-video-preview:-1\" \/>\n<link rel=\"canonical\" href=\"https:\/\/gebro.es\/en\/personal-data-processing-policy-for-pharmacovigilance\/\" \/>\n<meta property=\"og:locale\" content=\"en_US\" \/>\n<meta property=\"og:type\" content=\"article\" \/>\n<meta property=\"og:title\" content=\"Personal data processing policy for pharmacovigilance - Gebro Pharma\" \/>\n<meta property=\"og:description\" content=\"LABORATORIOS GEBRO PHARMA, S.A. (en adelante \u201cGebro\u201d) tiene la obligaci\u00f3n de realizar un seguimiento sobre la seguridad de todos los productos que desarrollamos o comercializamos en Espa\u00f1a. Las personas pueden presentar variaciones en sus reacciones a los medicamentos y productos sanitarios, lo que hace que no sea posible detectar todas las reacciones o acontecimientos adversos [&hellip;]\" \/>\n<meta property=\"og:url\" content=\"https:\/\/gebro.es\/en\/personal-data-processing-policy-for-pharmacovigilance\/\" \/>\n<meta property=\"og:site_name\" content=\"Gebro Pharma\" \/>\n<meta property=\"article:modified_time\" content=\"2024-02-19T08:14:43+00:00\" \/>\n<meta name=\"twitter:card\" content=\"summary_large_image\" \/>\n<meta name=\"twitter:label1\" content=\"Est. reading time\" \/>\n\t<meta name=\"twitter:data1\" content=\"6 minutes\" \/>\n<script type=\"application\/ld+json\" class=\"yoast-schema-graph\">{\"@context\":\"https:\\\/\\\/schema.org\",\"@graph\":[{\"@type\":\"WebPage\",\"@id\":\"https:\\\/\\\/gebro.es\\\/en\\\/personal-data-processing-policy-for-pharmacovigilance\\\/\",\"url\":\"https:\\\/\\\/gebro.es\\\/en\\\/personal-data-processing-policy-for-pharmacovigilance\\\/\",\"name\":\"Personal data processing policy for pharmacovigilance - Gebro Pharma\",\"isPartOf\":{\"@id\":\"https:\\\/\\\/gebro.es\\\/en\\\/#website\"},\"datePublished\":\"2024-02-19T08:03:21+00:00\",\"dateModified\":\"2024-02-19T08:14:43+00:00\",\"breadcrumb\":{\"@id\":\"https:\\\/\\\/gebro.es\\\/en\\\/personal-data-processing-policy-for-pharmacovigilance\\\/#breadcrumb\"},\"inLanguage\":\"en-US\",\"potentialAction\":[{\"@type\":\"ReadAction\",\"target\":[\"https:\\\/\\\/gebro.es\\\/en\\\/personal-data-processing-policy-for-pharmacovigilance\\\/\"]}]},{\"@type\":\"BreadcrumbList\",\"@id\":\"https:\\\/\\\/gebro.es\\\/en\\\/personal-data-processing-policy-for-pharmacovigilance\\\/#breadcrumb\",\"itemListElement\":[{\"@type\":\"ListItem\",\"position\":1,\"name\":\"\",\"item\":\"https:\\\/\\\/gebro.es\\\/en\\\/\"},{\"@type\":\"ListItem\",\"position\":2,\"name\":\"Personal data processing policy for pharmacovigilance\"}]},{\"@type\":\"WebSite\",\"@id\":\"https:\\\/\\\/gebro.es\\\/en\\\/#website\",\"url\":\"https:\\\/\\\/gebro.es\\\/en\\\/\",\"name\":\"Gebro Pharma\",\"description\":\"At Gebro Pharma we improve your health\",\"potentialAction\":[{\"@type\":\"SearchAction\",\"target\":{\"@type\":\"EntryPoint\",\"urlTemplate\":\"https:\\\/\\\/gebro.es\\\/en\\\/?s={search_term_string}\"},\"query-input\":{\"@type\":\"PropertyValueSpecification\",\"valueRequired\":true,\"valueName\":\"search_term_string\"}}],\"inLanguage\":\"en-US\"}]}<\/script>\n<!-- \/ Yoast SEO plugin. -->","yoast_head_json":{"title":"Personal data processing policy for pharmacovigilance - Gebro Pharma","robots":{"index":"index","follow":"follow","max-snippet":"max-snippet:-1","max-image-preview":"max-image-preview:large","max-video-preview":"max-video-preview:-1"},"canonical":"https:\/\/gebro.es\/en\/personal-data-processing-policy-for-pharmacovigilance\/","og_locale":"en_US","og_type":"article","og_title":"Personal data processing policy for pharmacovigilance - Gebro Pharma","og_description":"LABORATORIOS GEBRO PHARMA, S.A. (en adelante \u201cGebro\u201d) tiene la obligaci\u00f3n de realizar un seguimiento sobre la seguridad de todos los productos que desarrollamos o comercializamos en Espa\u00f1a. Las personas pueden presentar variaciones en sus reacciones a los medicamentos y productos sanitarios, lo que hace que no sea posible detectar todas las reacciones o acontecimientos adversos [&hellip;]","og_url":"https:\/\/gebro.es\/en\/personal-data-processing-policy-for-pharmacovigilance\/","og_site_name":"Gebro Pharma","article_modified_time":"2024-02-19T08:14:43+00:00","twitter_card":"summary_large_image","twitter_misc":{"Est. reading time":"6 minutes"},"schema":{"@context":"https:\/\/schema.org","@graph":[{"@type":"WebPage","@id":"https:\/\/gebro.es\/en\/personal-data-processing-policy-for-pharmacovigilance\/","url":"https:\/\/gebro.es\/en\/personal-data-processing-policy-for-pharmacovigilance\/","name":"Personal data processing policy for pharmacovigilance - Gebro Pharma","isPartOf":{"@id":"https:\/\/gebro.es\/en\/#website"},"datePublished":"2024-02-19T08:03:21+00:00","dateModified":"2024-02-19T08:14:43+00:00","breadcrumb":{"@id":"https:\/\/gebro.es\/en\/personal-data-processing-policy-for-pharmacovigilance\/#breadcrumb"},"inLanguage":"en-US","potentialAction":[{"@type":"ReadAction","target":["https:\/\/gebro.es\/en\/personal-data-processing-policy-for-pharmacovigilance\/"]}]},{"@type":"BreadcrumbList","@id":"https:\/\/gebro.es\/en\/personal-data-processing-policy-for-pharmacovigilance\/#breadcrumb","itemListElement":[{"@type":"ListItem","position":1,"name":"","item":"https:\/\/gebro.es\/en\/"},{"@type":"ListItem","position":2,"name":"Personal data processing policy for pharmacovigilance"}]},{"@type":"WebSite","@id":"https:\/\/gebro.es\/en\/#website","url":"https:\/\/gebro.es\/en\/","name":"Gebro Pharma","description":"At Gebro Pharma we improve your health","potentialAction":[{"@type":"SearchAction","target":{"@type":"EntryPoint","urlTemplate":"https:\/\/gebro.es\/en\/?s={search_term_string}"},"query-input":{"@type":"PropertyValueSpecification","valueRequired":true,"valueName":"search_term_string"}}],"inLanguage":"en-US"}]}},"_links":{"self":[{"href":"https:\/\/gebro.es\/en\/wp-json\/wp\/v2\/pages\/756","targetHints":{"allow":["GET"]}}],"collection":[{"href":"https:\/\/gebro.es\/en\/wp-json\/wp\/v2\/pages"}],"about":[{"href":"https:\/\/gebro.es\/en\/wp-json\/wp\/v2\/types\/page"}],"author":[{"embeddable":true,"href":"https:\/\/gebro.es\/en\/wp-json\/wp\/v2\/users\/1"}],"replies":[{"embeddable":true,"href":"https:\/\/gebro.es\/en\/wp-json\/wp\/v2\/comments?post=756"}],"version-history":[{"count":3,"href":"https:\/\/gebro.es\/en\/wp-json\/wp\/v2\/pages\/756\/revisions"}],"predecessor-version":[{"id":761,"href":"https:\/\/gebro.es\/en\/wp-json\/wp\/v2\/pages\/756\/revisions\/761"}],"wp:attachment":[{"href":"https:\/\/gebro.es\/en\/wp-json\/wp\/v2\/media?parent=756"}],"curies":[{"name":"wp","href":"https:\/\/api.w.org\/{rel}","templated":true}]}}