{"id":753,"date":"2024-02-19T08:02:11","date_gmt":"2024-02-19T08:02:11","guid":{"rendered":"https:\/\/gebro.es\/?page_id=753"},"modified":"2024-02-19T08:03:37","modified_gmt":"2024-02-19T08:03:37","slug":"cookie-policy","status":"publish","type":"page","link":"https:\/\/gebro.es\/en\/cookie-policy\/","title":{"rendered":"Cookie policy"},"content":{"rendered":"\n<p>LABORATORIOS GEBRO PHARMA, S.A. (en adelante, \u201cGEBRO\u201d) \u2013 CIF: A-62826136 \u2013 Domicilio social: Av. Tibidabo, n\u00famero 29, 08022 Barcelona \u2013 Tlf. 932 05 86 86 \u2013 Correo electr\u00f3nico:&nbsp;<a href=\"mailto:laboratorios@gebro.es\">laboratorios@gebro.es<\/a>, como titular de la web&nbsp;<a href=\"http:\/\/www.gebro.es\/\">www.gebro.es<\/a>, desea informarle de manera clara y precisa sobre las Cookies que se utilizan en nuestra Web, de conformidad con el art\u00edculo 22 de la Ley 34\/2002, de 11 de julio, de Servicios de la Sociedad de la Informaci\u00f3n y de Comercio Electr\u00f3nico (LSSICE), tras su modificaci\u00f3n por el Real Decreto-Ley 13\/2012, de 30 de marzo y el Considerando 30 del REGLAMENTO (UE) 2016\/679 DEL PARLAMENTO EUROPEO Y DEL CONSEJO de 27 de abril de 2016.<\/p>\n\n\n\n<p>En su primera visita a nuestra Web se le informa de la existencia de cookies.<\/p>\n\n\n\n<p>En futuras visitas puede consultar nuestra pol\u00edtica en cualquier momento en la parte inferior de la web \u201cPol\u00edtica de Cookies\u201d. Para poder navegar por nuestra web es necesario que consienta la instalaci\u00f3n de las cookies de las que le informamos en la presente \u201cPol\u00edtica de Cookies\u201d (salvo que haya modificado la configuraci\u00f3n de su navegador para rechazar cookies).&nbsp;<\/p>\n\n\n\n<h3 class=\"wp-block-heading\">\u00bfQu\u00e9 es una cookie?<\/h3>\n\n\n\n<p>Una cookie es un fichero que se descarga en su ordenador al acceder a determinadas p\u00e1ginas web. Las cookies permiten a una p\u00e1gina web, entre otras cosas, almacenar y recuperar informaci\u00f3n sobre los h\u00e1bitos de navegaci\u00f3n de un usuario o de su equipo y, dependiendo de la informaci\u00f3n que contengan y de la forma en que utilice su equipo, pueden utilizarse para reconocer al usuario.<\/p>\n\n\n\n<h3 class=\"wp-block-heading\">\u00bfQu\u00e9 tipos de cookies utiliza GEBRO y cu\u00e1l es su finalidad?<\/h3>\n\n\n\n<p>En GEBRO se instalan dos tipos de cookies, seg\u00fan su procedencia:<\/p>\n\n\n\n<p><strong>Cookies propias<\/strong>: son aqu\u00e9llas que se env\u00edan al equipo terminal del usuario desde un equipo o dominio gestionado por el propio editor y desde el que se presta el servicio solicitado por el usuario, en este caso ser\u00eda las cookies propias de GEBRO.<\/p>\n\n\n\n<p><strong>Cookies de tercero<\/strong>: son aqu\u00e9llas que se env\u00edan al equipo terminal del usuario desde un equipo o dominio que no es gestionado por el editor, sino por otra entidad que trata los datos obtenidos trav\u00e9s de las cookies (por ejemplo, Google).<\/p>\n\n\n\n<p><strong>Nuestra web utiliza los siguientes tipos de cookies:<\/strong><\/p>\n\n\n\n<ul class=\"wp-block-list\">\n<li>Necesarias<\/li>\n<\/ul>\n\n\n\n<p>Las cookies Necesarias son absolutamente imprescindibles para el correcto funcionamiento de la web. Este tipo de cookies aseguran las funcionalidades b\u00e1sicas y la seguridad del sitio web de forma an\u00f3nima.<\/p>\n\n\n\n<ul class=\"wp-block-list\">\n<li>Funcionales<\/li>\n<\/ul>\n\n\n\n<p>Las cookies Funcionales se utilizan para ayudar al rendimiento de ciertas funciones de la web, como son el compartir el contenido de la web en redes sociales, recoger feedbacks, el idioma que prefieres o la regi\u00f3n en la que te encuentras y otras funcionalidades proporcionadas por terceros.<\/p>\n\n\n\n<ul class=\"wp-block-list\">\n<li>Anal\u00edtica<\/li>\n<\/ul>\n\n\n\n<p>Las cookies Anal\u00edticas se utilizan para entender de qu\u00e9 manera los visitantes interact\u00faan con la web. Nos ayudan a tener informaci\u00f3n sobre las m\u00e9tricas de n\u00famero de visitantes, \u00edndice de rebote, fuentes de tr\u00e1fico, etc.<\/p>\n\n\n\n<ul class=\"wp-block-list\">\n<li>Publicitarias<\/li>\n<\/ul>\n\n\n\n<p>Las cookies publicitarias se utilizan para mostrar a los visitantes anuncios relevantes y campa\u00f1as de marketing. Estas cookies registran la actividad de los visitantes a trav\u00e9s de internet y recogen informaci\u00f3n para mostrar anuncios personalizados.<\/p>\n\n\n\n<p>Las cookies que GEBRO utiliza en su Web son las siguientes:<\/p>\n\n\n\n<figure class=\"wp-block-table\"><table><tbody><tr><td><strong>Nombre<\/strong><\/td><td><strong>Duraci\u00f3n<\/strong><\/td><td><strong>Tipo<\/strong><\/td><td><strong>Descripci\u00f3n<\/strong><\/td><td><strong>Empresa<\/strong><\/td><\/tr><tr><td>1P_JAR<\/td><td>15 d\u00edas<\/td><td>Publicitaria<\/td><td>Cookie que transfiere datos a Google para hacer la publicidad m\u00e1s atractiva.<\/td><td>Google<\/td><\/tr><tr><td>ANID<\/td><td>Permanente<\/td><td>Publicitaria<\/td><td>Contiene un valor generado aleatoriamente \u00fanico que permite a la Plataforma para distinguir navegadores y dispositivos. Esta informaci\u00f3n es utilizada para medir el rendimiento de los anuncios y proporcionar recomendaciones relativas a productos basadas en datos estad\u00edsticos.<\/td><td>Google<\/td><\/tr><tr><td>APISID<\/td><td>Permanente<\/td><td>Publicitaria<\/td><td>Mide el rendimiento de los anuncios y proporciona recomendaciones<\/td><td>Google<\/td><\/tr><tr><td>CONSENT<\/td><td>Permanente<\/td><td>Publicitaria<\/td><td>Contiene un valor generado aleatoriamente \u00fanico que permite a la Plataforma para distinguir navegadores y dispositivos. Esta informaci\u00f3n es utilizada para medir el rendimiento de los anuncios y proporcionar recomendaciones relativas a productos basadas en datos estad\u00edsticos.<\/td><td>Google<\/td><\/tr><tr><td>HSID<\/td><td>Permanente<\/td><td>Publicitaria<\/td><td>Mide el rendimiento de los anuncios y proporciona recomendaciones<\/td><td>Google<\/td><\/tr><tr><td>NID<\/td><td>6 meses<\/td><td>Publicitaria<\/td><td>Registra una ID.<\/td><td>Google<\/td><\/tr><tr><td>OGP<\/td><td>1 mes<\/td><td>T\u00e9cnica<\/td><td>Se usan para visualizar ubicaciones geogr\u00e1ficas. Estas cookies son gestionadas enteramente por Google.<\/td><td>Google<\/td><\/tr><tr><td>OGPC<\/td><td>1 mes<\/td><td>T\u00e9cnica<\/td><td>esta cookie es utilizada por Google para proveer servicios y extraer informaci\u00f3n an\u00f3nima sobre la navegaci\u00f3n<\/td><td>Google<\/td><\/tr><tr><td>SAPISID<\/td><td>Permanente<\/td><td>Publicitaria<\/td><td>Mide el rendimiento de los anuncios y proporciona recomendaciones<\/td><td>Google<\/td><\/tr><tr><td>SID<\/td><td>2 a\u00f1os<\/td><td>Publicitaria<\/td><td>Mide el rendimiento de los anuncios y proporciona recomendaciones \u2013 Google<\/td><td>Google<\/td><\/tr><tr><td>SIDCC<\/td><td>6 meses<\/td><td>Publicitaria<\/td><td>Esta cookie se utiliza para captar datos sobre la sesi\u00f3n y navegaci\u00f3n del usuario con el fin de ajustar la navegaci\u00f3n a sus preferencias.<\/td><td>Google<\/td><\/tr><tr><td>SSID<\/td><td>2 a\u00f1os<\/td><td>Publicitaria<\/td><td>Mide el rendimiento de los anuncios y proporciona recomendaciones<\/td><td>Google<\/td><\/tr><tr><td>__Secure-3PAPISID<\/td><td>2 a\u00f1os<\/td><td>Publicitaria<\/td><td>Estas cookies se utilizan para entregar anuncios m\u00e1s relevantes para usted y sus intereses.<\/td><td>Google<\/td><\/tr><tr><td>__Secure\u00b73PSID<\/td><td>2 a\u00f1os<\/td><td>Publicitaria<\/td><td>Estas cookies se utilizan para entregar anuncios m\u00e1s relevantes para usted y sus intereses<\/td><td>Google<\/td><\/tr><tr><td>_Secure-3PSIDCC<\/td><td>2 a\u00f1os<\/td><td>Publicitarias<\/td><td>Estas cookies se utilizan para entregar anuncios m\u00e1s relevantes para usted y sus intereses<\/td><td>Google<\/td><\/tr><tr><td>_ga<\/td><td>2 a\u00f1os<\/td><td>Anal\u00edtica<\/td><td>Habilita la funci\u00f3n de control de visitas \u00fanicas. La primera vez que un usuario entre en el sitio web a trav\u00e9s de un navegador se instalar\u00e1 esta cookie. Cuando este usuario vuelva a entrar en la web con el mismo navegador, la cookie considerar\u00e1 que es el mismo usuario. Solo en el caso de que el usuario cambie de navegador, se considerar\u00e1 otro usuario.<\/td><td>Gebro.es<\/td><\/tr><tr><td>_gat<\/td><td>1 minuto<\/td><td>Anal\u00edtica<\/td><td>Google Universal Analytics instala estas cookies para reducir la velocidad de solicitud y limitar la recopilaci\u00f3n de datos en sitios de alto tr\u00e1fico.<\/td><td>Gebro.es<\/td><\/tr><tr><td>_gid<\/td><td>2 semanas<\/td><td>Anal\u00edtica<\/td><td>Esta cookie es instalada por Google Analytics. La cookie se utiliza para almacenar informaci\u00f3n sobre c\u00f3mo los visitantes usan un sitio web y ayuda a crear un informe anal\u00edtico de c\u00f3mo funciona el sitio web. Los datos recopilados, incluidos el n\u00famero de visitantes, la fuente de donde provienen y las p\u00e1ginas, aparecieron de forma an\u00f3nima.<\/td><td>Gebro.es<\/td><\/tr><\/tbody><\/table><\/figure>\n\n\n\n<h3 class=\"wp-block-heading\">\u00bfC\u00f3mo puedo desactivar o eliminar las cookies?<\/h3>\n\n\n\n<p>En cumplimiento de la normativa legal vigente, el Usuario puede permitir, bloquear o eliminar las Cookies instaladas en su equipo mediante la configuraci\u00f3n de las opciones del navegador instalado en su ordenador. Para m\u00e1s informaci\u00f3n pulse sobre el navegador correspondiente. Para utilizar este Sitio Web no resulta necesaria la instalaci\u00f3n de Cookies.<\/p>\n\n\n\n<p>El Usuario podr\u00e1 configurar, libremente y en cualquier momento, sus par\u00e1metros de privacidad, en relaci\u00f3n con la instalaci\u00f3n de Cookies, a trav\u00e9s de su navegador. Estos procedimientos est\u00e1n sometidos a actualizaci\u00f3n o modificaci\u00f3n por parte de los desarrolladores de los navegadores, por lo que no podemos garantizar que se ajusten completamente a la \u00faltima versi\u00f3n disponible en cada momento.<\/p>\n\n\n\n<p>As\u00ed, puede bloquear las Cookies a trav\u00e9s de las herramientas de configuraci\u00f3n del navegador, o bien, puede configurar su navegador para que le avise cuando un servidor quiera guardar alguna Cookie:<\/p>\n\n\n\n<figure class=\"wp-block-table\"><table><tbody><tr><td><a href=\"https:\/\/support.google.com\/chrome\/answer\/95647?hl=es\"><strong>Pol\u00edtica de Cookies \u2013 Chrome<\/strong><\/a><\/td><td><a href=\"http:\/\/windows.microsoft.com\/es-es\/windows7\/how-to-manage-cookies-in-internet-explorer-9\"><strong>Pol\u00edtica de Cookies \u2013 Explorer<\/strong><\/a><\/td><\/tr><tr><td><\/td><td><\/td><\/tr><tr><td><a href=\"http:\/\/support.mozilla.org\/es\/kb\/habilitar-y-deshabilitar-cookies-que-los-sitios-we\"><strong>Pol\u00edtica de Cookies \u2013 Mozilla<\/strong><\/a><\/td><td><a href=\"https:\/\/support.apple.com\/es-es\/guide\/safari\/sfri11471\/mac\"><strong>Pol\u00edtica de Cookies \u2013 Safari<\/strong><\/a><\/td><\/tr><\/tbody><\/table><\/figure>\n\n\n\n<p>Si utiliza otro navegador, puede obtener m\u00e1s informaci\u00f3n sobre c\u00f3mo configurar la instalaci\u00f3n de las cookies a trav\u00e9s de la secci\u00f3n de ayuda o asistencia de dicho navegador. Si necesita ayuda para llevar a cabo la configuraci\u00f3n de las cookies con su navegador, por favor, env\u00edenos un correo electr\u00f3nico a&nbsp;<a href=\"mailto:laboratorios@gebro.es\">laboratorios@gebro.es<\/a>&nbsp;y nos pondremos en contacto con Usted lo antes posible con la informaci\u00f3n necesaria.<\/p>\n\n\n\n<p>Puede encontrar m\u00e1s informaci\u00f3n sobre cookies en:&nbsp;<a href=\"http:\/\/www.allaboutcookies.org\/\">www.allaboutcookies.org<\/a>&nbsp;o&nbsp;<a href=\"http:\/\/www.youronlinechoices.eu\/\">www.youronlinechoices.eu<\/a>.<\/p>\n\n\n\n<p>Si tiene dudas sobre esta Pol\u00edtica de Cookies, puede contactar con nosotros en el tel\u00e9fono (+34) 932 05 86 86 o en el e-mail:&nbsp;<a href=\"mailto:laboratorios@gebro.es\">laboratorios@gebro.es<\/a>.<\/p>\n\n\n\n<h3 class=\"wp-block-heading\">\u00bfC\u00f3mo puedo revocar el consentimiento ya prestado?<\/h3>\n\n\n\n<p>Como usuario de esta Web, usted podr\u00e1 revocar el consentimiento previamente otorgado en cualquier momento dirigi\u00e9ndose a la direcci\u00f3n&nbsp;<a href=\"mailto:laboratorios@gebro.es\">laboratorios@gebro.es<\/a>.<\/p>\n\n\n\n<h3 class=\"wp-block-heading\"><strong>\u00bfQui\u00e9n utiliza la informaci\u00f3n obtenida?<\/strong><\/h3>\n\n\n\n<p>La informaci\u00f3n obtenida por las cookies es tratada por los LABORATORIOS GEBRO PHARMA, S.A.<\/p>\n","protected":false},"excerpt":{"rendered":"<p>LABORATORIOS GEBRO PHARMA, S.A. (en adelante, \u201cGEBRO\u201d) \u2013 CIF: A-62826136 \u2013 Domicilio social: Av. Tibidabo, n\u00famero 29, 08022 Barcelona \u2013 Tlf. 932 05 86 86 \u2013 Correo electr\u00f3nico:&nbsp;laboratorios@gebro.es, como titular de la web&nbsp;www.gebro.es, desea informarle de manera clara y precisa sobre las Cookies que se utilizan en nuestra Web, de conformidad con el art\u00edculo 22 [&hellip;]<\/p>\n","protected":false},"author":1,"featured_media":0,"parent":0,"menu_order":0,"comment_status":"closed","ping_status":"closed","template":"template-legals.blade.php","meta":{"_acf_changed":false,"footnotes":""},"class_list":["post-753","page","type-page","status-publish","hentry"],"acf":[],"yoast_head":"<!-- This site is optimized with the Yoast SEO plugin v27.4 - https:\/\/yoast.com\/product\/yoast-seo-wordpress\/ -->\n<title>Cookie policy - Gebro Pharma<\/title>\n<meta name=\"robots\" content=\"index, follow, max-snippet:-1, max-image-preview:large, max-video-preview:-1\" \/>\n<link rel=\"canonical\" href=\"https:\/\/gebro.es\/en\/cookie-policy\/\" \/>\n<meta property=\"og:locale\" content=\"en_US\" \/>\n<meta property=\"og:type\" content=\"article\" \/>\n<meta property=\"og:title\" content=\"Cookie policy - Gebro Pharma\" \/>\n<meta property=\"og:description\" content=\"LABORATORIOS GEBRO PHARMA, S.A. (en adelante, \u201cGEBRO\u201d) \u2013 CIF: A-62826136 \u2013 Domicilio social: Av. Tibidabo, n\u00famero 29, 08022 Barcelona \u2013 Tlf. 932 05 86 86 \u2013 Correo electr\u00f3nico:&nbsp;laboratorios@gebro.es, como titular de la web&nbsp;www.gebro.es, desea informarle de manera clara y precisa sobre las Cookies que se utilizan en nuestra Web, de conformidad con el art\u00edculo 22 [&hellip;]\" \/>\n<meta property=\"og:url\" content=\"https:\/\/gebro.es\/en\/cookie-policy\/\" \/>\n<meta property=\"og:site_name\" content=\"Gebro Pharma\" \/>\n<meta property=\"article:modified_time\" content=\"2024-02-19T08:03:37+00:00\" \/>\n<meta name=\"twitter:card\" content=\"summary_large_image\" \/>\n<meta name=\"twitter:label1\" content=\"Est. reading time\" \/>\n\t<meta name=\"twitter:data1\" content=\"6 minutes\" \/>\n<script type=\"application\/ld+json\" class=\"yoast-schema-graph\">{\"@context\":\"https:\\\/\\\/schema.org\",\"@graph\":[{\"@type\":\"WebPage\",\"@id\":\"https:\\\/\\\/gebro.es\\\/en\\\/cookie-policy\\\/\",\"url\":\"https:\\\/\\\/gebro.es\\\/en\\\/cookie-policy\\\/\",\"name\":\"Cookie policy - Gebro Pharma\",\"isPartOf\":{\"@id\":\"https:\\\/\\\/gebro.es\\\/en\\\/#website\"},\"datePublished\":\"2024-02-19T08:02:11+00:00\",\"dateModified\":\"2024-02-19T08:03:37+00:00\",\"breadcrumb\":{\"@id\":\"https:\\\/\\\/gebro.es\\\/en\\\/cookie-policy\\\/#breadcrumb\"},\"inLanguage\":\"en-US\",\"potentialAction\":[{\"@type\":\"ReadAction\",\"target\":[\"https:\\\/\\\/gebro.es\\\/en\\\/cookie-policy\\\/\"]}]},{\"@type\":\"BreadcrumbList\",\"@id\":\"https:\\\/\\\/gebro.es\\\/en\\\/cookie-policy\\\/#breadcrumb\",\"itemListElement\":[{\"@type\":\"ListItem\",\"position\":1,\"name\":\"\",\"item\":\"https:\\\/\\\/gebro.es\\\/en\\\/\"},{\"@type\":\"ListItem\",\"position\":2,\"name\":\"Cookie policy\"}]},{\"@type\":\"WebSite\",\"@id\":\"https:\\\/\\\/gebro.es\\\/en\\\/#website\",\"url\":\"https:\\\/\\\/gebro.es\\\/en\\\/\",\"name\":\"Gebro Pharma\",\"description\":\"At Gebro Pharma we improve your health\",\"potentialAction\":[{\"@type\":\"SearchAction\",\"target\":{\"@type\":\"EntryPoint\",\"urlTemplate\":\"https:\\\/\\\/gebro.es\\\/en\\\/?s={search_term_string}\"},\"query-input\":{\"@type\":\"PropertyValueSpecification\",\"valueRequired\":true,\"valueName\":\"search_term_string\"}}],\"inLanguage\":\"en-US\"}]}<\/script>\n<!-- \/ Yoast SEO plugin. -->","yoast_head_json":{"title":"Cookie policy - Gebro Pharma","robots":{"index":"index","follow":"follow","max-snippet":"max-snippet:-1","max-image-preview":"max-image-preview:large","max-video-preview":"max-video-preview:-1"},"canonical":"https:\/\/gebro.es\/en\/cookie-policy\/","og_locale":"en_US","og_type":"article","og_title":"Cookie policy - Gebro Pharma","og_description":"LABORATORIOS GEBRO PHARMA, S.A. (en adelante, \u201cGEBRO\u201d) \u2013 CIF: A-62826136 \u2013 Domicilio social: Av. Tibidabo, n\u00famero 29, 08022 Barcelona \u2013 Tlf. 932 05 86 86 \u2013 Correo electr\u00f3nico:&nbsp;laboratorios@gebro.es, como titular de la web&nbsp;www.gebro.es, desea informarle de manera clara y precisa sobre las Cookies que se utilizan en nuestra Web, de conformidad con el art\u00edculo 22 [&hellip;]","og_url":"https:\/\/gebro.es\/en\/cookie-policy\/","og_site_name":"Gebro Pharma","article_modified_time":"2024-02-19T08:03:37+00:00","twitter_card":"summary_large_image","twitter_misc":{"Est. reading time":"6 minutes"},"schema":{"@context":"https:\/\/schema.org","@graph":[{"@type":"WebPage","@id":"https:\/\/gebro.es\/en\/cookie-policy\/","url":"https:\/\/gebro.es\/en\/cookie-policy\/","name":"Cookie policy - Gebro Pharma","isPartOf":{"@id":"https:\/\/gebro.es\/en\/#website"},"datePublished":"2024-02-19T08:02:11+00:00","dateModified":"2024-02-19T08:03:37+00:00","breadcrumb":{"@id":"https:\/\/gebro.es\/en\/cookie-policy\/#breadcrumb"},"inLanguage":"en-US","potentialAction":[{"@type":"ReadAction","target":["https:\/\/gebro.es\/en\/cookie-policy\/"]}]},{"@type":"BreadcrumbList","@id":"https:\/\/gebro.es\/en\/cookie-policy\/#breadcrumb","itemListElement":[{"@type":"ListItem","position":1,"name":"","item":"https:\/\/gebro.es\/en\/"},{"@type":"ListItem","position":2,"name":"Cookie policy"}]},{"@type":"WebSite","@id":"https:\/\/gebro.es\/en\/#website","url":"https:\/\/gebro.es\/en\/","name":"Gebro Pharma","description":"At Gebro Pharma we improve your health","potentialAction":[{"@type":"SearchAction","target":{"@type":"EntryPoint","urlTemplate":"https:\/\/gebro.es\/en\/?s={search_term_string}"},"query-input":{"@type":"PropertyValueSpecification","valueRequired":true,"valueName":"search_term_string"}}],"inLanguage":"en-US"}]}},"_links":{"self":[{"href":"https:\/\/gebro.es\/en\/wp-json\/wp\/v2\/pages\/753","targetHints":{"allow":["GET"]}}],"collection":[{"href":"https:\/\/gebro.es\/en\/wp-json\/wp\/v2\/pages"}],"about":[{"href":"https:\/\/gebro.es\/en\/wp-json\/wp\/v2\/types\/page"}],"author":[{"embeddable":true,"href":"https:\/\/gebro.es\/en\/wp-json\/wp\/v2\/users\/1"}],"replies":[{"embeddable":true,"href":"https:\/\/gebro.es\/en\/wp-json\/wp\/v2\/comments?post=753"}],"version-history":[{"count":3,"href":"https:\/\/gebro.es\/en\/wp-json\/wp\/v2\/pages\/753\/revisions"}],"predecessor-version":[{"id":759,"href":"https:\/\/gebro.es\/en\/wp-json\/wp\/v2\/pages\/753\/revisions\/759"}],"wp:attachment":[{"href":"https:\/\/gebro.es\/en\/wp-json\/wp\/v2\/media?parent=753"}],"curies":[{"name":"wp","href":"https:\/\/api.w.org\/{rel}","templated":true}]}}