{"id":748,"date":"2024-02-19T07:58:52","date_gmt":"2024-02-19T07:58:52","guid":{"rendered":"https:\/\/gebro.es\/?page_id=748"},"modified":"2024-02-19T08:00:56","modified_gmt":"2024-02-19T08:00:56","slug":"terms-of-use","status":"publish","type":"page","link":"https:\/\/gebro.es\/en\/terms-of-use\/","title":{"rendered":"Terms of use"},"content":{"rendered":"\n<p>La mercantil Laboratorios Gebro Pharma S.A., (en adelante GEBRO) provista de CIF A62826136, con domicilio social en la Av. Tibidabo, n\u00famero 29, 08022 Barcelona, Espa\u00f1a, e inscrita en el Registro Mercantil de Barcelona al Tomo 34562, Hoja B 247649, Folio 1 pone a disposici\u00f3n de los Usuarios de Internet interesados en sus productos y\/o servicios y residentes en Espa\u00f1a, el presente sitio Web&nbsp;<a href=\"http:\/\/www.gebro.es\/\">http:\/\/www.gebro.es<\/a>&nbsp;(en adelante el Sitio Web), de su titularidad.<\/p>\n\n\n\n<p>Para contactar con GEBRO podr\u00e1 hacerlo directamente a trav\u00e9s de nuestro sitio Web, la siguiente direcci\u00f3n de correo electr\u00f3nico&nbsp;<a href=\"mailto:laboratorios@gebro.es\">laboratorios@gebro.es<\/a>&nbsp;o bien llamando al tel\u00e9fono 932058686.<\/p>\n\n\n\n<h3 class=\"wp-block-heading\">CONDICIONES GENERALES DE USO<\/h3>\n\n\n\n<p>El acceso y la utilizaci\u00f3n de este sitio Web tiene car\u00e1cter gratuito, salvo en lo relativo al coste de la conexi\u00f3n a trav\u00e9s de la red de telecomunicaciones suministrada por el proveedor de acceso contratado por los usuarios. No obstante, ciertas \u00e1reas, servicios y funcionalidades tienen car\u00e1cter privado para ciertas categor\u00edas de usuarios y su acceso se encuentra restringido y sometido a Condiciones Particulares de Uso que, seg\u00fan el caso, sustituir\u00e1n, completar\u00e1n y\/o modificar\u00e1n las presentes Condiciones Generales. En consecuencia, Ud. deber\u00e1 leer atentamente y aceptar las correspondientes Condiciones de Uso Generales y, en su caso, las Condiciones Particulares de Uso, antes de proceder a su utilizaci\u00f3n.<\/p>\n\n\n\n<p>La utilizaci\u00f3n de esta Web le otorgar\u00e1 la condici\u00f3n de Usuario, e implicar\u00e1 la plena aceptaci\u00f3n, sin reservas ni limitaciones, de las disposiciones incluidas en este Aviso Legal en la versi\u00f3n publicada por GEBRO en el momento en que Ud. acceda a nuestra Web.<\/p>\n\n\n\n<p>En caso de que Ud. decida no aceptar las presentes Condiciones Generales de Uso del sitio Web o en su caso, las Condiciones de Uso Particulares, deber\u00e1 abstenerse de acceder y\/o utilizar nuestra Web.<\/p>\n\n\n\n<p>GEBRO se reserva el derecho de actualizar, modificar o eliminar la informaci\u00f3n contenida en este sitio Web, pudiendo incluso limitar o impedir el acceso al mismo en cualquier momento, sin necesidad de previo aviso. Especialmente, GEBRO se reserva el derecho a eliminar, limitar o impedir el acceso al sitio Web cuando surjan dificultades t\u00e9cnicas por hechos o circunstancias ajenas a GEBRO que pongan en peligro la seguridad o funcionamiento de la Web, por lo que le recomendamos que cada vez que utilice nuestro sitio Web lea atentamente las presentes Condiciones de Uso.<\/p>\n\n\n\n<p>El usuario se obliga a hacer un correcto uso de esta Web, de conformidad con las presentes Condiciones Generales de Uso, sus Condiciones Particulares, en su caso, as\u00ed como la normativa que resulte de aplicaci\u00f3n, la moral y las buenas costumbres.<\/p>\n\n\n\n<p>Queda expresamente prohibido la utilizaci\u00f3n de esta Web con fines lesivos de bienes o intereses de GEBRO o de terceros, que de cualquier forma sobrecarguen, da\u00f1en, inutilicen o deterioren las redes, servidores, equipos inform\u00e1ticos, productos y\/ o aplicaciones de GEBRO o de terceros, o impidan la normal utilizaci\u00f3n de los materiales e informaciones contenidas en el Sitio Web, los sistemas de informaci\u00f3n de GEBRO o los documentos, archivos y toda clase de contenidos almacenados en cualquier equipo inform\u00e1tico de GEBRO o de terceros.<\/p>\n\n\n\n<p>El Usuario que incumpla intencional o culpablemente cualquiera de las precedentes obligaciones responder\u00e1 frente a GEBRO y frente a terceros de cualesquiera da\u00f1os y perjuicios que pudieran llegar a ocasionarse con motivo del incumplimiento de dicha obligaci\u00f3n.<\/p>\n\n\n\n<h3 class=\"wp-block-heading\">GARANT\u00cdAS<\/h3>\n\n\n\n<p>GEBRO se esfuerza para incluir en la presente Web informaci\u00f3n precisa y actualizada; no obstante lo anterior, la informaci\u00f3n puede contener inexactitudes t\u00e9cnicas o errores tipogr\u00e1ficos, por lo que GEBRO no ofrecer\u00e1 garant\u00eda alguna respecto a su contenido. En consecuencia, no responder\u00e1 de la precisi\u00f3n, integridad, veracidad, suficiencia, actualidad o exhaustividad de las informaciones contenidas en la misma ni de los da\u00f1os y perjuicios de cualquier naturaleza que pudieran deberse a la falta de exactitud, exhaustividad, actualidad, o a errores u omisiones de los que pudieran adolecer las informaciones y\/o servicios contenidos de este Sitio Web. GEBRO excluye en la medida de lo posible, cualquier responsabilidad por los da\u00f1os y perjuicios de cualquier naturaleza que pudieran deberse a la falta de disponibilidad o de continuidad en el funcionamiento de este sitio Web, o a da\u00f1os inform\u00e1ticos o de otro tipo que pudiera ocasionar al Usuario visitante en el acceso a los contenidos de esta Web.<\/p>\n\n\n\n<p>En consecuencia, ninguna informaci\u00f3n accesible a trav\u00e9s de este sitio Web podr\u00e1 ser considerada prescripci\u00f3n facultativa, declinando GEBRO toda responsabilidad por cualquier tipo de consecuencias directa o indirectamente relacionadas con las acciones u omisiones que pueda realizar el usuario en funci\u00f3n de la interpretaci\u00f3n de dicha informaci\u00f3n.<\/p>\n\n\n\n<p>GEBRO no se responsabiliza de la utilizaci\u00f3n que el Usuario realice de los contenidos e informaciones contenidos en la p\u00e1gina Web, ni del uso y gesti\u00f3n de sus contrase\u00f1as, que pudiera suponer una violaci\u00f3n de cualquier tipo de norma nacional o internacional o de cualquier otro derecho de terceros.<\/p>\n\n\n\n<h3 class=\"wp-block-heading\">CONTENIDOS Y ENLACES<\/h3>\n\n\n\n<p>El Usuario se compromete a utilizar las informaciones y contenidos publicados en el sitio Web de conformidad con el presente Aviso Legal y dem\u00e1s normativa que pudiera resultar de aplicaci\u00f3n.<\/p>\n\n\n\n<p>GEBRO proh\u00edbe expresamente a los Usuarios la introducci\u00f3n de materiales il\u00edcitos, amenazadores, difamatorios u obscenos, as\u00ed como cualquier otro elemento o conducta que pudiera ser tipificada como delito, ocasionar responsabilidad civil o vulnerar de cualquier otra forma la normativa aplicable.<\/p>\n\n\n\n<p>El Usuario que proceda al env\u00edo de cualquier tipo de contenidos al Sitio Web asegura que ostenta los derechos de propiedad industrial e intelectual necesarios para hacerlo y que no vulnera los mismos, quedando exento GEBRO de cualquier responsabilidad sobre el contenido y legalidad de la informaci\u00f3n facilitada.<\/p>\n\n\n\n<p>GEBRO pone a disposici\u00f3n de los Usuarios dispositivos t\u00e9cnicos de enlace (tales como links, hiperenlaces, banners, directorios y herramientas de b\u00fasqueda, entre otros, que permiten a los Usuarios acceder a sitios Web pertenecientes a y\/o gestionados por terceros. La puesta a disposici\u00f3n del Usuario de tales enlaces, directorios y herramientas de b\u00fasqueda tiene por objeto facilitar a los Usuarios la b\u00fasqueda y acceso a la informaci\u00f3n disponible en Internet. En ning\u00fan caso tendr\u00e1n la consideraci\u00f3n de recomendaciones a los usuarios, por lo que la decisi\u00f3n de utilizarlos ser\u00e1 siempre responsabilidad de estos \u00faltimos, ya que \u00e9sta pudiera no estar autorizada por GEBRO.<\/p>\n\n\n\n<p>GEBRO no dispone de medios para controlar el contenido de los sitios Web y herramientas de b\u00fasqueda puestos a disposici\u00f3n del Usuario. En consecuencia, no ejerce ning\u00fan control sobre los mismos ni asume deber o compromiso alguno de verificar ni vigilar tales contenidos, por lo que GEBRO no responder\u00e1 de los materiales contenidos o accesibles a trav\u00e9s de dichos sitios Web.<\/p>\n\n\n\n<p>No obstante lo anterior, GEBRO suprimir\u00e1 del Sitio Web con la mayor diligencia, las informaciones, contenidos o servicios de los que tenga noticia que no se correspondan con la realidad, sean ilegales, puedan inducir a error o causar un da\u00f1o al Usuario y suprimir\u00e1 y\/o inutilizar\u00e1 los enlaces o links correspondientes.<\/p>\n\n\n\n<h3 class=\"wp-block-heading\">PROPIEDAD INDUSTRIAL E INTELECTUAL<\/h3>\n\n\n\n<p>El nombre de dominio&nbsp;<a href=\"http:\/\/www.gebro.es\/\">www.gebro.es<\/a>&nbsp;as\u00ed como la totalidad de contenidos incluidos en este sitio Web, entendiendo por \u00e9stos a t\u00edtulo meramente enunciativo, todos los dise\u00f1os, archivos de texto, audio o video, art\u00edculos, gr\u00e1ficos, bases de datos, fotograf\u00edas, logos, iconos, c\u00f3digo fuente, nombres comerciales, marcas, dibujos industriales y\/o cualquier otro signo distintivo susceptible de utilizaci\u00f3n industrial y comercial son titularidad de GEBRO o bien de terceros que han autorizado debidamente su inclusi\u00f3n en este Sitio Web, estando en todo caso protegidos por la legislaci\u00f3n en materia de propiedad industrial e intelectual.<\/p>\n\n\n\n<p>La puesta a disposici\u00f3n del Usuario de tales contenidos por parte de GEBRO o de sus proveedores no implica, en ning\u00fan caso, la cesi\u00f3n de su titularidad o la concesi\u00f3n de derecho alguno de propiedad industrial o intelectual en favor del Usuario.<\/p>\n\n\n\n<p>El Usuario deber\u00e1 abstenerse de obtener e intentar obtener informaci\u00f3n, mensajes, gr\u00e1ficos, dibujos, archivos de sonido y\/o imagen, fotograf\u00edas y\/o grabaciones y, en general, cualquier material o informaci\u00f3n accesible a trav\u00e9s de la p\u00e1gina Web empleando para ello procedimientos distintos a los que hayan sido puestos a su disposici\u00f3n por parte de GEBRO a tal efecto, teniendo en cuenta que tales contenidos podr\u00e1n ser utilizados \u00fanicamente para usos privados carentes de finalidad comercial. En id\u00e9ntico sentido, el Usuario deber\u00e1 abstenerse de suprimir, alterar, eludir o manipular cualquier dispositivo de protecci\u00f3n o sistemas de seguridad que puedan figurar instalados en el mismo.<\/p>\n\n\n\n<p>Queda prohibida la distribuci\u00f3n, modificaci\u00f3n, transformaci\u00f3n, cesi\u00f3n, puesta a disposici\u00f3n del p\u00fablico, y cualquier otra actividad que no haya sido expresamente autorizada por el titular de los derechos de explotaci\u00f3n. El uso no autorizado de los materiales e informaci\u00f3n contenida en el Sitio Web pueden suponer la violaci\u00f3n de la legislaci\u00f3n sobre propiedad intelectual o industrial y de otras normativas aplicables. GEBRO se reserva, en consecuencia, el derecho de perseguir judicialmente cualquier infracci\u00f3n de sus derechos de propiedad intelectual e industrial.<\/p>\n\n\n\n<p>Respecto a cualquier cuesti\u00f3n relativa a nuestra pol\u00edtica de propiedad industrial e intelectual, puede ponerse en contacto con nosotros a trav\u00e9s de nuestra direcci\u00f3n de correo electr\u00f3nico laboratorios@gebro.es<\/p>\n\n\n\n<h3 class=\"wp-block-heading\">LEGISLACI\u00d3N Y JURISDICCI\u00d3N<\/h3>\n\n\n\n<p>Para la resoluci\u00f3n de cualquier duda o controversia que pudiera derivarse de la existencia, acceso, utilizaci\u00f3n o contenido del presente Aviso Legal, o de nuestro Sitio Web, el Usuario, con renuncia expresa a cualquier otro fuero que pudiera resultar de aplicaci\u00f3n, se somete, a los Juzgados y Tribunales de la ciudad de laboratorios@gebro.es.<\/p>\n\n\n\n<p>Asimismo, el presente Sitio Web se dirige al p\u00fablico espa\u00f1ol y est\u00e1 regido en todos y cada uno de sus extremos por la normativa espa\u00f1ola que resulte de aplicaci\u00f3n.<\/p>\n","protected":false},"excerpt":{"rendered":"<p>La mercantil Laboratorios Gebro Pharma S.A., (en adelante GEBRO) provista de CIF A62826136, con domicilio social en la Av. Tibidabo, n\u00famero 29, 08022 Barcelona, Espa\u00f1a, e inscrita en el Registro Mercantil de Barcelona al Tomo 34562, Hoja B 247649, Folio 1 pone a disposici\u00f3n de los Usuarios de Internet interesados en sus productos y\/o servicios [&hellip;]<\/p>\n","protected":false},"author":1,"featured_media":0,"parent":0,"menu_order":0,"comment_status":"closed","ping_status":"closed","template":"template-legals.blade.php","meta":{"_acf_changed":false,"footnotes":""},"class_list":["post-748","page","type-page","status-publish","hentry"],"acf":[],"yoast_head":"<!-- This site is optimized with the Yoast SEO plugin v27.3 - https:\/\/yoast.com\/product\/yoast-seo-wordpress\/ -->\n<title>Terms of use - Gebro Pharma<\/title>\n<meta name=\"robots\" content=\"index, follow, max-snippet:-1, max-image-preview:large, max-video-preview:-1\" \/>\n<link rel=\"canonical\" href=\"https:\/\/gebro.es\/en\/terms-of-use\/\" \/>\n<meta property=\"og:locale\" content=\"en_US\" \/>\n<meta property=\"og:type\" content=\"article\" \/>\n<meta property=\"og:title\" content=\"Terms of use - Gebro Pharma\" \/>\n<meta property=\"og:description\" content=\"La mercantil Laboratorios Gebro Pharma S.A., (en adelante GEBRO) provista de CIF A62826136, con domicilio social en la Av. Tibidabo, n\u00famero 29, 08022 Barcelona, Espa\u00f1a, e inscrita en el Registro Mercantil de Barcelona al Tomo 34562, Hoja B 247649, Folio 1 pone a disposici\u00f3n de los Usuarios de Internet interesados en sus productos y\/o servicios [&hellip;]\" \/>\n<meta property=\"og:url\" content=\"https:\/\/gebro.es\/en\/terms-of-use\/\" \/>\n<meta property=\"og:site_name\" content=\"Gebro Pharma\" \/>\n<meta property=\"article:modified_time\" content=\"2024-02-19T08:00:56+00:00\" \/>\n<meta name=\"twitter:card\" content=\"summary_large_image\" \/>\n<meta name=\"twitter:label1\" content=\"Est. reading time\" \/>\n\t<meta name=\"twitter:data1\" content=\"7 minutes\" \/>\n<script type=\"application\/ld+json\" class=\"yoast-schema-graph\">{\"@context\":\"https:\\\/\\\/schema.org\",\"@graph\":[{\"@type\":\"WebPage\",\"@id\":\"https:\\\/\\\/gebro.es\\\/en\\\/terms-of-use\\\/\",\"url\":\"https:\\\/\\\/gebro.es\\\/en\\\/terms-of-use\\\/\",\"name\":\"Terms of use - Gebro Pharma\",\"isPartOf\":{\"@id\":\"https:\\\/\\\/gebro.es\\\/en\\\/#website\"},\"datePublished\":\"2024-02-19T07:58:52+00:00\",\"dateModified\":\"2024-02-19T08:00:56+00:00\",\"breadcrumb\":{\"@id\":\"https:\\\/\\\/gebro.es\\\/en\\\/terms-of-use\\\/#breadcrumb\"},\"inLanguage\":\"en-US\",\"potentialAction\":[{\"@type\":\"ReadAction\",\"target\":[\"https:\\\/\\\/gebro.es\\\/en\\\/terms-of-use\\\/\"]}]},{\"@type\":\"BreadcrumbList\",\"@id\":\"https:\\\/\\\/gebro.es\\\/en\\\/terms-of-use\\\/#breadcrumb\",\"itemListElement\":[{\"@type\":\"ListItem\",\"position\":1,\"name\":\"\",\"item\":\"https:\\\/\\\/gebro.es\\\/en\\\/\"},{\"@type\":\"ListItem\",\"position\":2,\"name\":\"Terms of use\"}]},{\"@type\":\"WebSite\",\"@id\":\"https:\\\/\\\/gebro.es\\\/en\\\/#website\",\"url\":\"https:\\\/\\\/gebro.es\\\/en\\\/\",\"name\":\"Gebro Pharma\",\"description\":\"At Gebro Pharma we improve your health\",\"potentialAction\":[{\"@type\":\"SearchAction\",\"target\":{\"@type\":\"EntryPoint\",\"urlTemplate\":\"https:\\\/\\\/gebro.es\\\/en\\\/?s={search_term_string}\"},\"query-input\":{\"@type\":\"PropertyValueSpecification\",\"valueRequired\":true,\"valueName\":\"search_term_string\"}}],\"inLanguage\":\"en-US\"}]}<\/script>\n<!-- \/ Yoast SEO plugin. -->","yoast_head_json":{"title":"Terms of use - Gebro Pharma","robots":{"index":"index","follow":"follow","max-snippet":"max-snippet:-1","max-image-preview":"max-image-preview:large","max-video-preview":"max-video-preview:-1"},"canonical":"https:\/\/gebro.es\/en\/terms-of-use\/","og_locale":"en_US","og_type":"article","og_title":"Terms of use - Gebro Pharma","og_description":"La mercantil Laboratorios Gebro Pharma S.A., (en adelante GEBRO) provista de CIF A62826136, con domicilio social en la Av. Tibidabo, n\u00famero 29, 08022 Barcelona, Espa\u00f1a, e inscrita en el Registro Mercantil de Barcelona al Tomo 34562, Hoja B 247649, Folio 1 pone a disposici\u00f3n de los Usuarios de Internet interesados en sus productos y\/o servicios [&hellip;]","og_url":"https:\/\/gebro.es\/en\/terms-of-use\/","og_site_name":"Gebro Pharma","article_modified_time":"2024-02-19T08:00:56+00:00","twitter_card":"summary_large_image","twitter_misc":{"Est. reading time":"7 minutes"},"schema":{"@context":"https:\/\/schema.org","@graph":[{"@type":"WebPage","@id":"https:\/\/gebro.es\/en\/terms-of-use\/","url":"https:\/\/gebro.es\/en\/terms-of-use\/","name":"Terms of use - Gebro Pharma","isPartOf":{"@id":"https:\/\/gebro.es\/en\/#website"},"datePublished":"2024-02-19T07:58:52+00:00","dateModified":"2024-02-19T08:00:56+00:00","breadcrumb":{"@id":"https:\/\/gebro.es\/en\/terms-of-use\/#breadcrumb"},"inLanguage":"en-US","potentialAction":[{"@type":"ReadAction","target":["https:\/\/gebro.es\/en\/terms-of-use\/"]}]},{"@type":"BreadcrumbList","@id":"https:\/\/gebro.es\/en\/terms-of-use\/#breadcrumb","itemListElement":[{"@type":"ListItem","position":1,"name":"","item":"https:\/\/gebro.es\/en\/"},{"@type":"ListItem","position":2,"name":"Terms of use"}]},{"@type":"WebSite","@id":"https:\/\/gebro.es\/en\/#website","url":"https:\/\/gebro.es\/en\/","name":"Gebro Pharma","description":"At Gebro Pharma we improve your health","potentialAction":[{"@type":"SearchAction","target":{"@type":"EntryPoint","urlTemplate":"https:\/\/gebro.es\/en\/?s={search_term_string}"},"query-input":{"@type":"PropertyValueSpecification","valueRequired":true,"valueName":"search_term_string"}}],"inLanguage":"en-US"}]}},"_links":{"self":[{"href":"https:\/\/gebro.es\/en\/wp-json\/wp\/v2\/pages\/748","targetHints":{"allow":["GET"]}}],"collection":[{"href":"https:\/\/gebro.es\/en\/wp-json\/wp\/v2\/pages"}],"about":[{"href":"https:\/\/gebro.es\/en\/wp-json\/wp\/v2\/types\/page"}],"author":[{"embeddable":true,"href":"https:\/\/gebro.es\/en\/wp-json\/wp\/v2\/users\/1"}],"replies":[{"embeddable":true,"href":"https:\/\/gebro.es\/en\/wp-json\/wp\/v2\/comments?post=748"}],"version-history":[{"count":3,"href":"https:\/\/gebro.es\/en\/wp-json\/wp\/v2\/pages\/748\/revisions"}],"predecessor-version":[{"id":752,"href":"https:\/\/gebro.es\/en\/wp-json\/wp\/v2\/pages\/748\/revisions\/752"}],"wp:attachment":[{"href":"https:\/\/gebro.es\/en\/wp-json\/wp\/v2\/media?parent=748"}],"curies":[{"name":"wp","href":"https:\/\/api.w.org\/{rel}","templated":true}]}}