{"id":743,"date":"2024-02-18T22:07:09","date_gmt":"2024-02-18T22:07:09","guid":{"rendered":"https:\/\/gebro.es\/?page_id=743"},"modified":"2024-02-18T22:09:09","modified_gmt":"2024-02-18T22:09:09","slug":"privacy-policy","status":"publish","type":"page","link":"https:\/\/gebro.es\/en\/privacy-policy\/","title":{"rendered":"Privacy Policy"},"content":{"rendered":"\n<p>Esta Pol\u00edtica de Privacidad tiene por objeto informar a los usuarios y visitantes de la Web&nbsp;<a href=\"http:\/\/www.gebro.es\/\">www.gebro.es<\/a>, de todo lo relativo a la recogida y tratamiento de sus datos personales.<\/p>\n\n\n\n<p>Laboratorios Gebro Pharma, S.A. se reserva el derecho a modificar y\/o actualizar esta Pol\u00edtica de forma peri\u00f3dica, con el fin de adaptarla a la legislaci\u00f3n aplicable en cada momento, as\u00ed como a las pr\u00e1cticas leg\u00edtimas de Laboratorios Gebro Pharma (en adelante, GEBRO PHARMA). En todo caso, el contenido de la nueva Pol\u00edtica ser\u00e1 publicada en el sitio web y estar\u00e1 permanentemente disponible para los usuarios y visitantes. Se recomienda a los usuarios y visitantes que lean y consulten esta Pol\u00edtica de Privacidad cada vez que accedan a este sitio web.<\/p>\n\n\n\n<p>El acceso y navegaci\u00f3n general por los contenidos mostrados en la Web no requiere del registro por parte de los usuarios y visitantes. El acceso a algunos contenidos, como, por ejemplo, el acceso a la informaci\u00f3n sobre productos farmac\u00e9uticos est\u00e1 limitado por el Real Decreto 1416\/1994, de 25 de junio, regulador de la publicidad de medicamentos de uso humano, y la Ley 29\/2006, de 26 de julio, de garant\u00edas y uso racional de los medicamentos y productos sanitarios, al personal sanitario facultado para la prescripci\u00f3n o dispensaci\u00f3n de medicamentos.&nbsp;<\/p>\n\n\n\n<p>Le invitamos a leer detenidamente nuestra Pol\u00edtica de Privacidad y, si tiene alguna duda relativa al tratamiento de sus datos personales, le invitamos a ponerse en contacto con nuestro Delegado de Protecci\u00f3n de Datos (DPO) en&nbsp;<a href=\"mailto:laboratorios@gebro.es\">protecciondedatos@gebro.es<\/a><\/p>\n\n\n\n<h3 class=\"wp-block-heading\">1-&nbsp;<strong>Responsable del Tratamiento<\/strong><\/h3>\n\n\n\n<p>LABORATORIOS GEBRO PHARMA, S.A. \u2013 CIF: A-62826136 \u2013 Domicilio social: Av. Tibidabo, n\u00famero 29, 08022 Barcelona \u2013 Tlf. 932 05 86 86 \u2013 Correo electr\u00f3nico:&nbsp;<a href=\"mailto:laboratorios@gebro.es\">laboratorios@gebro.es<\/a><\/p>\n\n\n\n<h3 class=\"wp-block-heading\">2- \u00bfQu\u00e9 datos recoge GEBRO PHARMA?<\/h3>\n\n\n\n<p>GEBRO PHARMA est\u00e1 tratando datos personales sobre usted cuando visita nuestra web.<br>En concreto, recabaremos los siguientes datos personales espec\u00edficos:&nbsp;<\/p>\n\n\n\n<ul class=\"wp-block-list\">\n<li>Los datos que nos facilite en caso de existir formularios de recogida de datos.<\/li>\n\n\n\n<li>Los datos que pueda remitirnos al utilizar el apartado Contacto.<\/li>\n\n\n\n<li>Los datos obtenidos a trav\u00e9s de las cookies. Consulte la Pol\u00edtica de Cookies.<\/li>\n<\/ul>\n\n\n\n<p>Esta informaci\u00f3n puede ser proporcionada directamente por usted (p.ej. al rellenar un formulario), proporcionada por terceros u obtenida a trav\u00e9s de fuentes de acceso p\u00fablicas de confianza, tras obtener su consentimiento para proporcionarnos estos datos personales cuando sea necesario conforme a la normativa aplicable.<\/p>\n\n\n\n<h3 class=\"wp-block-heading\">3- \u00bfPara qu\u00e9 se utilizan los datos personales?<\/h3>\n\n\n\n<p>Utilizaremos la informaci\u00f3n recopilada con los siguientes fines espec\u00edficos:<\/p>\n\n\n\n<ul class=\"wp-block-list\">\n<li>gestionar nuestros usuarios;<\/li>\n\n\n\n<li>gestionar y mejorar nuestra p\u00e1gina web;<\/li>\n\n\n\n<li>medir el uso de nuestra p\u00e1gina web;<\/li>\n\n\n\n<li>mejorar y personalizar su experiencia y ajustar mejor el contenido a usted;<\/li>\n\n\n\n<li>controlar y evitar fraudes, infracciones y otros posibles usos indebidos de nuestra p\u00e1gina web;<\/li>\n\n\n\n<li>gestionar y atender sus consultas;<\/li>\n\n\n\n<li>prestarle los servicios solicitados;<\/li>\n\n\n\n<li>responder a un requerimiento oficial de una autoridad p\u00fablica o judicial que cuente con la autorizaci\u00f3n necesaria;<\/li>\n\n\n\n<li>archivado y conservaci\u00f3n de registros; y<\/li>\n\n\n\n<li>cualquier otra finalidad que impongan la Ley y las Autoridades.<\/li>\n<\/ul>\n\n\n\n<h3 class=\"wp-block-heading\">4- \u00bfCon qui\u00e9n compartiremos sus datos?<\/h3>\n\n\n\n<p>Podremos dar acceso a sus datos y, por tanto, compartirlos, con nuestros prestadores de servicios siempre cumpliendo con las garant\u00edas jur\u00eddicas establecidas en la normativa aplicable en materia de protecci\u00f3n de datos personales.&nbsp;<\/p>\n\n\n\n<p>Asimismo, podremos compartir sus datos con nuestra empresa matriz, Gebro Pharma GmbH, localizada en Austria, siempre cumpliendo con las m\u00e1s estrictas condiciones existentes en la normativa. &nbsp;<\/p>\n\n\n\n<h3 class=\"wp-block-heading\">5- Conservaci\u00f3n de sus datos<\/h3>\n\n\n\n<p>Solo conservaremos sus datos personales durante el tiempo necesario para cumplir con el prop\u00f3sito para el que se han recopilado o para cumplir con requisitos reglamentarios o legales.<\/p>\n\n\n\n<p>A menos que se indique lo contrario, el per\u00edodo m\u00e1ximo de conservaci\u00f3n de los datos es de 12 meses desde su \u00faltimo acceso a nuestra web. Llegado dicho periodo, sus datos personales ser\u00e1n eliminados nuestros sistemas activos.<\/p>\n\n\n\n<h3 class=\"wp-block-heading\">6- Cookies<\/h3>\n\n\n\n<p>Desde el momento en que el usuario o visitante accede a nuestro sitio web, su direcci\u00f3n de Internet puede quedar registrada en nuestros sistemas en forma de ficheros LOG (hist\u00f3ricos). En consecuencia, el Usuario deja rastro de la direcci\u00f3n IP que en cada sesi\u00f3n le haya asignado su proveedor de acceso, de tal forma que cada petici\u00f3n, consulta, visita o llamada a un elemento de un sitio web podr\u00eda quedar registrada. No obstante, los ficheros LOG son an\u00f3nimos (de tal forma que no identifican el nombre y apellidos del usuario) y se utilizar\u00e1n \u00fanicamente para fines internos como la realizaci\u00f3n de estad\u00edsticas, para llevar un control de los accesos al sitio web. Igualmente, a trav\u00e9s de las cookies se puede almacenar y recuperar informaci\u00f3n sobre los h\u00e1bitos de navegaci\u00f3n de un Usuario o de su equipo y, dependiendo de la informaci\u00f3n que contengan y de la forma en que utilice su equipo, pueden utilizarse para reconocer al usuario. Consulta la Pol\u00edtica de Cookies.<\/p>\n\n\n\n<h3 class=\"wp-block-heading\">7- Delegado de Protecci\u00f3n de Datos<\/h3>\n\n\n\n<p>En caso de tener alguna duda en relaci\u00f3n con la presente Pol\u00edtica de Privacidad, puede ponerse en contacto con nuestro Delegado de Protecci\u00f3n de Datos en la siguiente direcci\u00f3n de correo electr\u00f3nico:&nbsp;<a href=\"mailto:protecciondedatos@gebro.es\">protecciondedatos@gebro.es<\/a><\/p>\n\n\n\n<h3 class=\"wp-block-heading\">8- \u00bfC\u00f3mo protegemos sus datos personales?<\/h3>\n\n\n\n<p>Teniendo en cuenta el estado de la t\u00e9cnica, y la naturaleza, el alcance, el contexto y los fines del tratamiento, as\u00ed como riesgos de probabilidad y gravedad variables para los derechos y libertades de las personas f\u00edsicas, desde GEBRO PHARMA aplicaremos las medidas t\u00e9cnicas y organizativas apropiadas para garantizar un nivel de seguridad adecuado a sus datos personales.<\/p>\n\n\n\n<h3 class=\"wp-block-heading\">9- Derechos de los usuarios&nbsp;<\/h3>\n\n\n\n<p>Como usuario e interesado, podr\u00e1 ejercer los siguientes derechos establecidos en la normativa aplicable:<\/p>\n\n\n\n<ul class=\"wp-block-list\">\n<li><strong>Derecho de acceso<\/strong>&nbsp;a sus datos personales que te permite dirigirte a nosotros para conocer si estamos tratando o no tus datos de car\u00e1cter personal;<\/li>\n\n\n\n<li><strong>Derecho de rectificaci\u00f3n<\/strong>, mediante el cual podr\u00e1s obtener la rectificaci\u00f3n de tus datos personales que sean inexactos;<\/li>\n\n\n\n<li><strong>Derecho de oposici\u00f3n<\/strong>, como su nombre indica, supone que podr\u00e1s oponerte, en su totalidad o en parte, a que realicemos un tratamiento de tus datos personales;<\/li>\n\n\n\n<li><strong>Derecho de supresi\u00f3n<\/strong>&nbsp;para solicitar la cancelaci\u00f3n de los datos:<\/li>\n\n\n\n<li><strong>Derecho a la limitaci\u00f3n del tratamiento<\/strong>, que consiste en que el usuario obtenga la limitaci\u00f3n del tratamiento de tus datos que realizamos desde GEBRO PHARMA;<\/li>\n\n\n\n<li><strong>Derecho a retirar su consentimiento<\/strong>&nbsp;en cualquier momento, sin que ello afecte a la validez del tratamiento antes de la retirada;<\/li>\n\n\n\n<li><strong>Derecho a solicitar la portabilidad<\/strong>, es decir, que los datos personales que nos haya facilitado se te devuelvan o se transmitan a otro responsable del tratamiento, en un formato en estructurado, de uso com\u00fan, de lectura mec\u00e1nica e interoperable, sin ning\u00fan impedimento por parte de GEBRO PHARMA.<\/li>\n<\/ul>\n","protected":false},"excerpt":{"rendered":"<p>Esta Pol\u00edtica de Privacidad tiene por objeto informar a los usuarios y visitantes de la Web&nbsp;www.gebro.es, de todo lo relativo a la recogida y tratamiento de sus datos personales. Laboratorios Gebro Pharma, S.A. se reserva el derecho a modificar y\/o actualizar esta Pol\u00edtica de forma peri\u00f3dica, con el fin de adaptarla a la legislaci\u00f3n aplicable [&hellip;]<\/p>\n","protected":false},"author":1,"featured_media":0,"parent":0,"menu_order":0,"comment_status":"closed","ping_status":"closed","template":"template-legals.blade.php","meta":{"_acf_changed":false,"footnotes":""},"class_list":["post-743","page","type-page","status-publish","hentry"],"acf":[],"yoast_head":"<!-- This site is optimized with the Yoast SEO plugin v27.4 - https:\/\/yoast.com\/product\/yoast-seo-wordpress\/ -->\n<title>Privacy Policy - Gebro Pharma<\/title>\n<meta name=\"robots\" content=\"index, follow, max-snippet:-1, max-image-preview:large, max-video-preview:-1\" \/>\n<link rel=\"canonical\" href=\"https:\/\/gebro.es\/en\/privacy-policy\/\" \/>\n<meta property=\"og:locale\" content=\"en_US\" \/>\n<meta property=\"og:type\" content=\"article\" \/>\n<meta property=\"og:title\" content=\"Privacy Policy - Gebro Pharma\" \/>\n<meta property=\"og:description\" content=\"Esta Pol\u00edtica de Privacidad tiene por objeto informar a los usuarios y visitantes de la Web&nbsp;www.gebro.es, de todo lo relativo a la recogida y tratamiento de sus datos personales. Laboratorios Gebro Pharma, S.A. se reserva el derecho a modificar y\/o actualizar esta Pol\u00edtica de forma peri\u00f3dica, con el fin de adaptarla a la legislaci\u00f3n aplicable [&hellip;]\" \/>\n<meta property=\"og:url\" content=\"https:\/\/gebro.es\/en\/privacy-policy\/\" \/>\n<meta property=\"og:site_name\" content=\"Gebro Pharma\" \/>\n<meta property=\"article:modified_time\" content=\"2024-02-18T22:09:09+00:00\" \/>\n<meta name=\"twitter:card\" content=\"summary_large_image\" \/>\n<meta name=\"twitter:label1\" content=\"Est. reading time\" \/>\n\t<meta name=\"twitter:data1\" content=\"5 minutes\" \/>\n<script type=\"application\/ld+json\" class=\"yoast-schema-graph\">{\"@context\":\"https:\\\/\\\/schema.org\",\"@graph\":[{\"@type\":\"WebPage\",\"@id\":\"https:\\\/\\\/gebro.es\\\/en\\\/privacy-policy\\\/\",\"url\":\"https:\\\/\\\/gebro.es\\\/en\\\/privacy-policy\\\/\",\"name\":\"Privacy Policy - Gebro Pharma\",\"isPartOf\":{\"@id\":\"https:\\\/\\\/gebro.es\\\/en\\\/#website\"},\"datePublished\":\"2024-02-18T22:07:09+00:00\",\"dateModified\":\"2024-02-18T22:09:09+00:00\",\"breadcrumb\":{\"@id\":\"https:\\\/\\\/gebro.es\\\/en\\\/privacy-policy\\\/#breadcrumb\"},\"inLanguage\":\"en-US\",\"potentialAction\":[{\"@type\":\"ReadAction\",\"target\":[\"https:\\\/\\\/gebro.es\\\/en\\\/privacy-policy\\\/\"]}]},{\"@type\":\"BreadcrumbList\",\"@id\":\"https:\\\/\\\/gebro.es\\\/en\\\/privacy-policy\\\/#breadcrumb\",\"itemListElement\":[{\"@type\":\"ListItem\",\"position\":1,\"name\":\"\",\"item\":\"https:\\\/\\\/gebro.es\\\/en\\\/\"},{\"@type\":\"ListItem\",\"position\":2,\"name\":\"Privacy Policy\"}]},{\"@type\":\"WebSite\",\"@id\":\"https:\\\/\\\/gebro.es\\\/en\\\/#website\",\"url\":\"https:\\\/\\\/gebro.es\\\/en\\\/\",\"name\":\"Gebro Pharma\",\"description\":\"At Gebro Pharma we improve your health\",\"potentialAction\":[{\"@type\":\"SearchAction\",\"target\":{\"@type\":\"EntryPoint\",\"urlTemplate\":\"https:\\\/\\\/gebro.es\\\/en\\\/?s={search_term_string}\"},\"query-input\":{\"@type\":\"PropertyValueSpecification\",\"valueRequired\":true,\"valueName\":\"search_term_string\"}}],\"inLanguage\":\"en-US\"}]}<\/script>\n<!-- \/ Yoast SEO plugin. -->","yoast_head_json":{"title":"Privacy Policy - Gebro Pharma","robots":{"index":"index","follow":"follow","max-snippet":"max-snippet:-1","max-image-preview":"max-image-preview:large","max-video-preview":"max-video-preview:-1"},"canonical":"https:\/\/gebro.es\/en\/privacy-policy\/","og_locale":"en_US","og_type":"article","og_title":"Privacy Policy - Gebro Pharma","og_description":"Esta Pol\u00edtica de Privacidad tiene por objeto informar a los usuarios y visitantes de la Web&nbsp;www.gebro.es, de todo lo relativo a la recogida y tratamiento de sus datos personales. Laboratorios Gebro Pharma, S.A. se reserva el derecho a modificar y\/o actualizar esta Pol\u00edtica de forma peri\u00f3dica, con el fin de adaptarla a la legislaci\u00f3n aplicable [&hellip;]","og_url":"https:\/\/gebro.es\/en\/privacy-policy\/","og_site_name":"Gebro Pharma","article_modified_time":"2024-02-18T22:09:09+00:00","twitter_card":"summary_large_image","twitter_misc":{"Est. reading time":"5 minutes"},"schema":{"@context":"https:\/\/schema.org","@graph":[{"@type":"WebPage","@id":"https:\/\/gebro.es\/en\/privacy-policy\/","url":"https:\/\/gebro.es\/en\/privacy-policy\/","name":"Privacy Policy - Gebro Pharma","isPartOf":{"@id":"https:\/\/gebro.es\/en\/#website"},"datePublished":"2024-02-18T22:07:09+00:00","dateModified":"2024-02-18T22:09:09+00:00","breadcrumb":{"@id":"https:\/\/gebro.es\/en\/privacy-policy\/#breadcrumb"},"inLanguage":"en-US","potentialAction":[{"@type":"ReadAction","target":["https:\/\/gebro.es\/en\/privacy-policy\/"]}]},{"@type":"BreadcrumbList","@id":"https:\/\/gebro.es\/en\/privacy-policy\/#breadcrumb","itemListElement":[{"@type":"ListItem","position":1,"name":"","item":"https:\/\/gebro.es\/en\/"},{"@type":"ListItem","position":2,"name":"Privacy Policy"}]},{"@type":"WebSite","@id":"https:\/\/gebro.es\/en\/#website","url":"https:\/\/gebro.es\/en\/","name":"Gebro Pharma","description":"At Gebro Pharma we improve your health","potentialAction":[{"@type":"SearchAction","target":{"@type":"EntryPoint","urlTemplate":"https:\/\/gebro.es\/en\/?s={search_term_string}"},"query-input":{"@type":"PropertyValueSpecification","valueRequired":true,"valueName":"search_term_string"}}],"inLanguage":"en-US"}]}},"_links":{"self":[{"href":"https:\/\/gebro.es\/en\/wp-json\/wp\/v2\/pages\/743","targetHints":{"allow":["GET"]}}],"collection":[{"href":"https:\/\/gebro.es\/en\/wp-json\/wp\/v2\/pages"}],"about":[{"href":"https:\/\/gebro.es\/en\/wp-json\/wp\/v2\/types\/page"}],"author":[{"embeddable":true,"href":"https:\/\/gebro.es\/en\/wp-json\/wp\/v2\/users\/1"}],"replies":[{"embeddable":true,"href":"https:\/\/gebro.es\/en\/wp-json\/wp\/v2\/comments?post=743"}],"version-history":[{"count":3,"href":"https:\/\/gebro.es\/en\/wp-json\/wp\/v2\/pages\/743\/revisions"}],"predecessor-version":[{"id":746,"href":"https:\/\/gebro.es\/en\/wp-json\/wp\/v2\/pages\/743\/revisions\/746"}],"wp:attachment":[{"href":"https:\/\/gebro.es\/en\/wp-json\/wp\/v2\/media?parent=743"}],"curies":[{"name":"wp","href":"https:\/\/api.w.org\/{rel}","templated":true}]}}