{"id":1680,"date":"2024-11-28T07:03:50","date_gmt":"2024-11-28T07:03:50","guid":{"rendered":"https:\/\/gebro.es\/politica-de-seguridad-de-la-informacion\/"},"modified":"2025-02-24T18:51:59","modified_gmt":"2025-02-24T18:51:59","slug":"politica-de-seguretat-de-la-informacio","status":"publish","type":"page","link":"https:\/\/gebro.es\/ca\/politica-de-seguretat-de-la-informacio\/","title":{"rendered":"Pol\u00edtica de Seguretat de la Informaci\u00f3"},"content":{"rendered":"\n<p>GEBRO PHARMA reconoce que la Seguridad de la Informaci\u00f3n es un factor clave para el correcto desarrollo de la empresa. Considera que, junto con la dotaci\u00f3n de formaci\u00f3n y recursos necesarios para el desarrollo de la actividad, son los principales pilares para ofrecer a clientes y partners servicios con la calidad adecuada.<\/p>\n\n\n\n<p>GEBRO PHARMA admite la importancia de garantizar la confidencialidad, integridad y disponibilidad de la informaci\u00f3n. Estos principios se definen de la siguiente manera:<\/p>\n\n\n\n<ul class=\"wp-block-list\">\n<li><strong>Confidencialidad<\/strong>: GEBRO PHARMA se compromete a proteger la informaci\u00f3n de acceso no autorizado, asegurando que solo las personas autorizadas tengan acceso a la informaci\u00f3n relevante para llevar a cabo sus funciones.<\/li>\n\n\n\n<li><strong>Integridad<\/strong>: GEBRO PHARMA se compromete a salvaguardar la precisi\u00f3n y la integridad de la informaci\u00f3n, evitando la alteraci\u00f3n, destrucci\u00f3n o modificaci\u00f3n no autorizada de la misma.<\/li>\n\n\n\n<li><strong>Disponibilidad<\/strong>: GEBRO PHARMA se compromete a asegurar que la informaci\u00f3n est\u00e9 disponible y sea accesible cuando sea requerida por los usuarios autorizados, evitando interrupciones no planificadas y minimizando los tiempos de inactividad.<\/li>\n<\/ul>\n\n\n\n<p>El Sistema de Gesti\u00f3n de Seguridad de la Informaci\u00f3n tiene como objetivos:<\/p>\n\n\n\n<ul class=\"wp-block-list\">\n<li>Asegurar el cumplimiento de la legislaci\u00f3n, reglamentaci\u00f3n y normativas aplicables, as\u00ed como todos aquellos requisitos que GEBRO PHARMA considere oportuno para conseguir una mejora continua.<\/li>\n\n\n\n<li>Ofrecer servicios con un nivel de seguridad que satisfaga y supere las necesidades de nuestros clientes.<\/li>\n\n\n\n<li>La formaci\u00f3n del personal conforme a los cambios t\u00e9cnicos e innovaciones tecnol\u00f3gicas a los que la actividad de GEBRO PHARMA se vea sometida.<\/li>\n\n\n\n<li>La asignaci\u00f3n eficaz de funciones y responsabilidades en el \u00e1mbito de la seguridad de la informaci\u00f3n.<\/li>\n\n\n\n<li>La prevenci\u00f3n de posibles defectos e incidentes de Seguridad de la Informaci\u00f3n antes de que ocurran, trabajando orientados hacia la \u201cmejora continua\u201d y la comunicaci\u00f3n.<\/li>\n\n\n\n<li>La evoluci\u00f3n continua del Sistema de Gesti\u00f3n de Seguridad de la Informaci\u00f3n, con el fin de adecuarnos a las exigencias de nuestros clientes.<\/li>\n\n\n\n<li>La concienciaci\u00f3n y motivaci\u00f3n del personal de GEBRO PHARMA sobre la importancia de la implantaci\u00f3n y desarrollo de un Sistema de Gesti\u00f3n de Seguridad de la Informaci\u00f3n.<\/li>\n<\/ul>\n\n\n\n<p><\/p>\n\n\n\n<p>La organizaci\u00f3n buscar\u00e1 constantemente oportunidades de mejora en el \u00e1mbito de la seguridad de la informaci\u00f3n. Para lograrlo, se llevar\u00e1n a cabo las siguientes acciones:<\/p>\n\n\n\n<ul class=\"wp-block-list\">\n<li><strong>Evaluaci\u00f3n peri\u00f3dica de riesgos<\/strong>: Se realizar\u00e1n evaluaciones peri\u00f3dicas de riesgos para identificar nuevas amenazas y vulnerabilidades, y se tomar\u00e1n medidas para mitigar los riesgos identificados.<\/li>\n\n\n\n<li><strong>Actualizaci\u00f3n de pol\u00edticas y procedimientos<\/strong>: Se revisar\u00e1n regularmente las pol\u00edticas y procedimientos de seguridad de la informaci\u00f3n para asegurarse de que sigan siendo relevantes y efectivos. Se implementar\u00e1n las mejoras necesarias para fortalecer la protecci\u00f3n de la informaci\u00f3n.<\/li>\n<\/ul>\n\n\n\n<ul class=\"wp-block-list\">\n<li><strong>Monitoreo y detecci\u00f3n de incidentes<\/strong>: Se establecer\u00e1 un sistema de monitoreo y detecci\u00f3n de incidentes de seguridad de la informaci\u00f3n para identificar y responder de manera oportuna a posibles violaciones de seguridad.<\/li>\n\n\n\n<li><strong>Capacitaci\u00f3n y concienciaci\u00f3n<\/strong>: Se brindar\u00e1 capacitaci\u00f3n regular a los empleados sobre temas relacionados con la seguridad de la informaci\u00f3n, incluyendo buenas pr\u00e1cticas, pol\u00edticas y procedimientos de seguridad. Tambi\u00e9n se promover\u00e1 la concienciaci\u00f3n sobre la importancia de la seguridad de la informaci\u00f3n en toda la organizaci\u00f3n.<\/li>\n\n\n\n<li><strong>Revisi\u00f3n y auditor\u00eda<\/strong>: Se realizar\u00e1n revisiones y auditor\u00edas peri\u00f3dicas de los controles de seguridad de la informaci\u00f3n para garantizar su efectividad y cumplimiento. Se tomar\u00e1n medidas correctivas en caso de desviaciones o incumplimientos.<\/li>\n\n\n\n<li><strong>Mejoras tecnol\u00f3gicas<\/strong>: Se considerar\u00e1n y adoptar\u00e1n nuevas tecnolog\u00edas y soluciones de seguridad de la informaci\u00f3n que puedan mejorar la protecci\u00f3n de los activos de informaci\u00f3n.<\/li>\n<\/ul>\n\n\n\n<p>La direcci\u00f3n establece y revisa objetivos y metas, teniendo como marco de referencia la pol\u00edtica definida, fijando las responsabilidades en su consecuci\u00f3n y estableciendo criterios de actuaci\u00f3n.<\/p>\n\n\n\n<p>Asimismo, la direcci\u00f3n se compromete a la implantaci\u00f3n, mantenimiento y mejora del SGSI dot\u00e1ndolo de aquellos medios y recursos que sean necesarios e instando a todo el personal para que asuma este compromiso.<\/p>\n","protected":false},"excerpt":{"rendered":"<p>GEBRO PHARMA reconoce que la Seguridad de la Informaci\u00f3n es un factor clave para el correcto desarrollo de la empresa. Considera que, junto con la dotaci\u00f3n de formaci\u00f3n y recursos necesarios para el desarrollo de la actividad, son los principales pilares para ofrecer a clientes y partners servicios con la calidad adecuada. GEBRO PHARMA admite [&hellip;]<\/p>\n","protected":false},"author":2,"featured_media":0,"parent":0,"menu_order":0,"comment_status":"closed","ping_status":"closed","template":"template-legals.blade.php","meta":{"_acf_changed":false,"footnotes":""},"class_list":["post-1680","page","type-page","status-publish","hentry"],"acf":[],"yoast_head":"<!-- This site is optimized with the Yoast SEO plugin v27.3 - https:\/\/yoast.com\/product\/yoast-seo-wordpress\/ -->\n<title>Pol\u00edtica de Seguretat de la Informaci\u00f3 - Gebro Pharma<\/title>\n<meta name=\"robots\" content=\"index, follow, max-snippet:-1, max-image-preview:large, max-video-preview:-1\" \/>\n<link rel=\"canonical\" href=\"https:\/\/gebro.es\/ca\/politica-de-seguretat-de-la-informacio\/\" \/>\n<meta property=\"og:locale\" content=\"ca_ES\" \/>\n<meta property=\"og:type\" content=\"article\" \/>\n<meta property=\"og:title\" content=\"Pol\u00edtica de Seguretat de la Informaci\u00f3 - Gebro Pharma\" \/>\n<meta property=\"og:description\" content=\"GEBRO PHARMA reconoce que la Seguridad de la Informaci\u00f3n es un factor clave para el correcto desarrollo de la empresa. Considera que, junto con la dotaci\u00f3n de formaci\u00f3n y recursos necesarios para el desarrollo de la actividad, son los principales pilares para ofrecer a clientes y partners servicios con la calidad adecuada. GEBRO PHARMA admite [&hellip;]\" \/>\n<meta property=\"og:url\" content=\"https:\/\/gebro.es\/ca\/politica-de-seguretat-de-la-informacio\/\" \/>\n<meta property=\"og:site_name\" content=\"Gebro Pharma\" \/>\n<meta property=\"article:modified_time\" content=\"2025-02-24T18:51:59+00:00\" \/>\n<meta name=\"twitter:card\" content=\"summary_large_image\" \/>\n<meta name=\"twitter:label1\" content=\"Temps estimat de lectura\" \/>\n\t<meta name=\"twitter:data1\" content=\"3 minuts\" \/>\n<script type=\"application\/ld+json\" class=\"yoast-schema-graph\">{\"@context\":\"https:\\\/\\\/schema.org\",\"@graph\":[{\"@type\":\"WebPage\",\"@id\":\"https:\\\/\\\/gebro.es\\\/ca\\\/politica-de-seguretat-de-la-informacio\\\/\",\"url\":\"https:\\\/\\\/gebro.es\\\/ca\\\/politica-de-seguretat-de-la-informacio\\\/\",\"name\":\"Pol\u00edtica de Seguretat de la Informaci\u00f3 - Gebro Pharma\",\"isPartOf\":{\"@id\":\"https:\\\/\\\/gebro.es\\\/ca\\\/#website\"},\"datePublished\":\"2024-11-28T07:03:50+00:00\",\"dateModified\":\"2025-02-24T18:51:59+00:00\",\"breadcrumb\":{\"@id\":\"https:\\\/\\\/gebro.es\\\/ca\\\/politica-de-seguretat-de-la-informacio\\\/#breadcrumb\"},\"inLanguage\":\"ca\",\"potentialAction\":[{\"@type\":\"ReadAction\",\"target\":[\"https:\\\/\\\/gebro.es\\\/ca\\\/politica-de-seguretat-de-la-informacio\\\/\"]}]},{\"@type\":\"BreadcrumbList\",\"@id\":\"https:\\\/\\\/gebro.es\\\/ca\\\/politica-de-seguretat-de-la-informacio\\\/#breadcrumb\",\"itemListElement\":[{\"@type\":\"ListItem\",\"position\":1,\"name\":\"\",\"item\":\"https:\\\/\\\/gebro.es\\\/ca\\\/\"},{\"@type\":\"ListItem\",\"position\":2,\"name\":\"Pol\u00edtica de Seguretat de la Informaci\u00f3\"}]},{\"@type\":\"WebSite\",\"@id\":\"https:\\\/\\\/gebro.es\\\/ca\\\/#website\",\"url\":\"https:\\\/\\\/gebro.es\\\/ca\\\/\",\"name\":\"Gebro Pharma\",\"description\":\"At Gebro Pharma we improve your health\",\"potentialAction\":[{\"@type\":\"SearchAction\",\"target\":{\"@type\":\"EntryPoint\",\"urlTemplate\":\"https:\\\/\\\/gebro.es\\\/ca\\\/?s={search_term_string}\"},\"query-input\":{\"@type\":\"PropertyValueSpecification\",\"valueRequired\":true,\"valueName\":\"search_term_string\"}}],\"inLanguage\":\"ca\"}]}<\/script>\n<!-- \/ Yoast SEO plugin. -->","yoast_head_json":{"title":"Pol\u00edtica de Seguretat de la Informaci\u00f3 - Gebro Pharma","robots":{"index":"index","follow":"follow","max-snippet":"max-snippet:-1","max-image-preview":"max-image-preview:large","max-video-preview":"max-video-preview:-1"},"canonical":"https:\/\/gebro.es\/ca\/politica-de-seguretat-de-la-informacio\/","og_locale":"ca_ES","og_type":"article","og_title":"Pol\u00edtica de Seguretat de la Informaci\u00f3 - Gebro Pharma","og_description":"GEBRO PHARMA reconoce que la Seguridad de la Informaci\u00f3n es un factor clave para el correcto desarrollo de la empresa. Considera que, junto con la dotaci\u00f3n de formaci\u00f3n y recursos necesarios para el desarrollo de la actividad, son los principales pilares para ofrecer a clientes y partners servicios con la calidad adecuada. GEBRO PHARMA admite [&hellip;]","og_url":"https:\/\/gebro.es\/ca\/politica-de-seguretat-de-la-informacio\/","og_site_name":"Gebro Pharma","article_modified_time":"2025-02-24T18:51:59+00:00","twitter_card":"summary_large_image","twitter_misc":{"Temps estimat de lectura":"3 minuts"},"schema":{"@context":"https:\/\/schema.org","@graph":[{"@type":"WebPage","@id":"https:\/\/gebro.es\/ca\/politica-de-seguretat-de-la-informacio\/","url":"https:\/\/gebro.es\/ca\/politica-de-seguretat-de-la-informacio\/","name":"Pol\u00edtica de Seguretat de la Informaci\u00f3 - Gebro Pharma","isPartOf":{"@id":"https:\/\/gebro.es\/ca\/#website"},"datePublished":"2024-11-28T07:03:50+00:00","dateModified":"2025-02-24T18:51:59+00:00","breadcrumb":{"@id":"https:\/\/gebro.es\/ca\/politica-de-seguretat-de-la-informacio\/#breadcrumb"},"inLanguage":"ca","potentialAction":[{"@type":"ReadAction","target":["https:\/\/gebro.es\/ca\/politica-de-seguretat-de-la-informacio\/"]}]},{"@type":"BreadcrumbList","@id":"https:\/\/gebro.es\/ca\/politica-de-seguretat-de-la-informacio\/#breadcrumb","itemListElement":[{"@type":"ListItem","position":1,"name":"","item":"https:\/\/gebro.es\/ca\/"},{"@type":"ListItem","position":2,"name":"Pol\u00edtica de Seguretat de la Informaci\u00f3"}]},{"@type":"WebSite","@id":"https:\/\/gebro.es\/ca\/#website","url":"https:\/\/gebro.es\/ca\/","name":"Gebro Pharma","description":"At Gebro Pharma we improve your health","potentialAction":[{"@type":"SearchAction","target":{"@type":"EntryPoint","urlTemplate":"https:\/\/gebro.es\/ca\/?s={search_term_string}"},"query-input":{"@type":"PropertyValueSpecification","valueRequired":true,"valueName":"search_term_string"}}],"inLanguage":"ca"}]}},"_links":{"self":[{"href":"https:\/\/gebro.es\/ca\/wp-json\/wp\/v2\/pages\/1680","targetHints":{"allow":["GET"]}}],"collection":[{"href":"https:\/\/gebro.es\/ca\/wp-json\/wp\/v2\/pages"}],"about":[{"href":"https:\/\/gebro.es\/ca\/wp-json\/wp\/v2\/types\/page"}],"author":[{"embeddable":true,"href":"https:\/\/gebro.es\/ca\/wp-json\/wp\/v2\/users\/2"}],"replies":[{"embeddable":true,"href":"https:\/\/gebro.es\/ca\/wp-json\/wp\/v2\/comments?post=1680"}],"version-history":[{"count":1,"href":"https:\/\/gebro.es\/ca\/wp-json\/wp\/v2\/pages\/1680\/revisions"}],"predecessor-version":[{"id":1682,"href":"https:\/\/gebro.es\/ca\/wp-json\/wp\/v2\/pages\/1680\/revisions\/1682"}],"wp:attachment":[{"href":"https:\/\/gebro.es\/ca\/wp-json\/wp\/v2\/media?parent=1680"}],"curies":[{"name":"wp","href":"https:\/\/api.w.org\/{rel}","templated":true}]}}