{"id":1678,"date":"2024-02-19T08:02:11","date_gmt":"2024-02-19T08:02:11","guid":{"rendered":"https:\/\/gebro.es\/politica-de-cookies\/"},"modified":"2024-02-19T08:02:11","modified_gmt":"2024-02-19T08:02:11","slug":"politica-de-cookies","status":"publish","type":"page","link":"https:\/\/gebro.es\/ca\/politica-de-cookies\/","title":{"rendered":"Pol\u00edtica de cookies"},"content":{"rendered":"\n<p>El sitio web de <strong>LABORATORIOS GEBRO PHARMA, S.A.<\/strong> o \u201c<strong>GEBRO<\/strong>\u201d (<a href=\"https:\/\/gebro.es\/ca\/\">https:\/\/gebro.es\/<\/a>) y sus dominios utilizan cookies propias y de terceros (peque\u00f1os archivos de informaci\u00f3n que el servidor env\u00eda al ordenador de quien accede a la p\u00e1gina) que almacenan y recuperan informaci\u00f3n cuando navegas con la finalidad de realizar an\u00e1lisis sobre la interacci\u00f3n con el portal, obtener informaci\u00f3n sobre tus h\u00e1bitos de navegaci\u00f3n para el env\u00edo de publicidad personalizada en base a un perfil o personalizar la forma en la que se muestra el contenido.<\/p>\n\n\n\n<p>El sitio web de GEBRO utiliza las siguientes cookies:&nbsp;<\/p>\n\n\n\n<p>1) Cookies <strong>t\u00e9cnicas o necesarias<\/strong>, que permiten al usuario la navegaci\u00f3n a trav\u00e9s del portal y la utilizaci\u00f3n de las diferentes opciones o servicios que existen en el mismo.\u00a0<\/p>\n\n\n\n<p>2) Cookies <strong>propias<\/strong>, que son aquellas de las que es responsable el propio editor de la p\u00e1gina web y que se env\u00edan al equipo terminal del usuario a trav\u00e9s de un dominio gestionado por aquel y cookies de <strong>terceros<\/strong> de las que es responsable una entidad distinta del editor.&nbsp;<\/p>\n\n\n\n<p>Los terceros como Google pueden utilizar estas cookies para sus propias finalidades y cuya pol\u00edtica de cookies puede consultarse en los enlaces indicados m\u00e1s adelante.&nbsp;&nbsp;<\/p>\n\n\n\n<p>3) Cookies de <strong>an\u00e1lisis o de rendimiento<\/strong>, que permiten al titular del portal o a terceros el seguimiento y an\u00e1lisis del comportamiento de los usuarios dentro del mismo. La informaci\u00f3n recogida a trav\u00e9s de las mismas se utiliza para introducir mejoras en funci\u00f3n del an\u00e1lisis de los datos de uso que hacen los usuarios del servicio. Asimismo, terceros como Google pueden utilizar dichas cookies para sus propias finalidades, pudiendo consultarlas en el enlace indicado.&nbsp;&nbsp;<\/p>\n\n\n\n<p>4) Cookies de <strong>publicidad comportamental<\/strong>, que son aquellas que almacenan informaci\u00f3n obtenida del comportamiento de los usuarios obtenida a partir de la observaci\u00f3n continuada de los h\u00e1bitos de navegaci\u00f3n del usuario, lo que permite desarrollar un perfil espec\u00edfico para mostrar publicidad en funci\u00f3n de las caracter\u00edsticas del mismo. En concreto, permite que terceros, como Google, env\u00eden publicidad personalizada en base a la elaboraci\u00f3n de un perfil del usuario.&nbsp;&nbsp;<\/p>\n\n\n\n<p>5) Cookies de <strong>preferencias<\/strong>, que son aquellas que permiten recordar informaci\u00f3n para que el usuario acceda al servicio con determinadas caracter\u00edsticas que pueden diferenciar su experiencia de la de otros usuarios, como, por ejemplo, el idioma, el n\u00famero de resultados a mostrar cuando el usuario realiza una b\u00fasqueda, el aspecto o contenido del servicio en funci\u00f3n del tipo de navegador a trav\u00e9s del cual el usuario accede al servicio o de la regi\u00f3n desde la que accede al servicio, etc.&nbsp;<\/p>\n\n\n\n<p>En concreto, se utilizan las siguientes cookies:<\/p>\n\n\n\n<figure class=\"wp-block-table\"><table><tbody><tr><td><strong>Cookie<\/strong><\/td><td><strong>Tipo<\/strong><\/td><td><strong>Titularidad<\/strong><\/td><td><strong>Finalidad<\/strong><\/td><td><strong>M\u00e1s informaci\u00f3n<\/strong><\/td><td><strong>Temporalidad<\/strong><\/td><\/tr><tr><td>_ga<\/td><td>&nbsp; Anal\u00edtica &nbsp;<\/td><td>Google<\/td><td>&nbsp; Distingue usuarios \u00fanicos asignando un identificador generado de manera aleatoria para recordar al usuario. Se considerar\u00e1 otro usuario si \u00e9ste cambia de navegador &nbsp;<\/td><td><a href=\"https:\/\/policies.google.com\/privacy\">https:\/\/policies.google.com\/privacy<\/a> &nbsp;<\/td><td>2 a\u00f1os<\/td><\/tr><tr><td>_gid<\/td><td>Anal\u00edtica<\/td><td>Google<\/td><td>&nbsp; Recopila informaci\u00f3n sobre c\u00f3mo los usuarios interact\u00faan con el sitio web con el fin de generar informes de&nbsp;&nbsp; rendimiento. Los datos recopilados, incluidos el n\u00famero de visitantes, la fuente de donde provienen y las p\u00e1ginas, aparecen de forma an\u00f3nima &nbsp;<\/td><td><a href=\"https:\/\/policies.google.com\/privacy\">https:\/\/policies.google.com\/privacy<\/a> &nbsp;<\/td><td>2 semanas<\/td><\/tr><tr><td>1P_JAR<\/td><td>Publicitaria<\/td><td>Google<\/td><td>&nbsp; Proporciona informaci\u00f3n sobre c\u00f3mo los usuarios interact\u00faan con la publicidad mostrada en el sitio Web &nbsp;<\/td><td><a href=\"https:\/\/policies.google.com\/privacy\">https:\/\/policies.google.com\/privacy<\/a> &nbsp;<\/td><td>15 d\u00edas<\/td><\/tr><tr><td>ANID<\/td><td>Publicitaria<\/td><td>Google<\/td><td>&nbsp; Recopila informaci\u00f3n sobre las preferencias del usuario con el fin de personalizar los anuncios que se muestran al mismo &nbsp;<\/td><td>&nbsp; <a href=\"https:\/\/policies.google.com\/privacy\">https:\/\/policies.google.com\/privacy<\/a> &nbsp;<\/td><td>13 meses<\/td><\/tr><tr><td>&nbsp; &nbsp; APISID &nbsp;<\/td><td>&nbsp; Publicitaria<\/td><td>&nbsp; Google<\/td><td>&nbsp; Recopila informaci\u00f3n sobre las preferencias del usuario con el fin de ofrecer anuncios personalizados basados en su actividad de navegaci\u00f3n y uso de los servicios de Google &nbsp;<\/td><td>&nbsp; <a href=\"https:\/\/policies.google.com\/privacy\">https:\/\/policies.google.com\/privacy<\/a> &nbsp;<\/td><td>&nbsp; &nbsp; 2 a\u00f1os<\/td><\/tr><tr><td>CONSENT<\/td><td>Publicitaria<\/td><td>Google<\/td><td>&nbsp; Almacena informaci\u00f3n relacionada con las preferencias de publicidad del usuario, como datos sobre los tipos de anuncios con el que el usuario ha interactuado &nbsp;<\/td><td><a href=\"https:\/\/policies.google.com\/privacy\">https:\/\/policies.google.com\/privacy<\/a> &nbsp;<\/td><td>2 a\u00f1os<\/td><\/tr><tr><td>HSID<\/td><td>Publicitaria<\/td><td>Google<\/td><td>&nbsp; Recopila informaci\u00f3n sobre las preferencias del usuario con fines de personalizaci\u00f3n de anuncios, mejorando la experiencia del usuario &nbsp;<\/td><td><a href=\"https:\/\/policies.google.com\/privacy\">https:\/\/policies.google.com\/privacy<\/a> &nbsp;<\/td><td>2 a\u00f1os<\/td><\/tr><tr><td>NID<\/td><td>Publicitaria<\/td><td>Google<\/td><td>&nbsp; Recopila informaci\u00f3n sobre las preferencias del usuario con fines de personalizaci\u00f3n de anuncios, mejorando la experiencia del usuario &nbsp;<\/td><td><a href=\"https:\/\/policies.google.com\/privacy\">https:\/\/policies.google.com\/privacy<\/a> &nbsp;<\/td><td>6 meses<\/td><\/tr><tr><td>OGP<\/td><td>Anal\u00edtica<\/td><td>Google<\/td><td>&nbsp; Recopila informaci\u00f3n sobre las ubicaciones geogr\u00e1ficas del dispositivo que accede al portal &nbsp;<\/td><td><a href=\"https:\/\/policies.google.com\/privacy\">https:\/\/policies.google.com\/privacy<\/a> &nbsp;<\/td><td>1 mes<\/td><\/tr><tr><td>&nbsp; OGPC<\/td><td>&nbsp; De preferencias<\/td><td>&nbsp; Google<\/td><td>&nbsp; Almacena preferencias de los usuarios en los servicios de Google, como el idioma o los ajustes de visualizaci\u00f3n &nbsp;<\/td><td>&nbsp; &nbsp; <a href=\"https:\/\/policies.google.com\/privacy\">https:\/\/policies.google.com\/privacy<\/a> &nbsp; &nbsp;<\/td><td>1 mes<\/td><\/tr><tr><td>SAPISID<\/td><td>Publicitaria<\/td><td>Google<\/td><td>&nbsp; Registra informaci\u00f3n del usuario para generar perfiles de inter\u00e9s y dirigir anuncios de manera m\u00e1s efectiva basados en el comportamiento de navegaci\u00f3n &nbsp;<\/td><td>&nbsp; <a href=\"https:\/\/policies.google.com\/privacy\">https:\/\/policies.google.com\/privacy<\/a> &nbsp;<\/td><td>2 a\u00f1os<\/td><\/tr><tr><td>&nbsp; SID &nbsp;<\/td><td>Publicitaria<\/td><td>Google<\/td><td>&nbsp; Recopila informaci\u00f3n sobre el comportamiento del usuario con el fin de ofrecer publicidad personalizada &nbsp;<\/td><td>&nbsp; <a href=\"https:\/\/policies.google.com\/privacy\">https:\/\/policies.google.com\/privacy<\/a> &nbsp;<\/td><td>2 a\u00f1os<\/td><\/tr><tr><td>&nbsp; &nbsp; &nbsp; &nbsp; &nbsp; &nbsp; &nbsp; SIDCC<\/td><td>&nbsp; &nbsp; &nbsp; &nbsp; &nbsp; &nbsp; &nbsp; Publicitaria<\/td><td>&nbsp; &nbsp; &nbsp; &nbsp; &nbsp; &nbsp; &nbsp; Google<\/td><td>&nbsp; Esta cookie se utiliza para captar datos sobre la sesi\u00f3n y navegaci\u00f3n del usuario con el fin de ajustar la navegaci\u00f3n a sus preferencias.<\/td><td>&nbsp; &nbsp; &nbsp; &nbsp; &nbsp; &nbsp; <a href=\"https:\/\/policies.google.com\/privacy\">https:\/\/policies.google.com\/privacy<\/a> &nbsp;<\/td><td>&nbsp; &nbsp; &nbsp; &nbsp; &nbsp; &nbsp; &nbsp; 1 a\u00f1o<\/td><\/tr><tr><td>SSID<\/td><td>De preferencias<\/td><td>Google<\/td><td>&nbsp; Recopila informaci\u00f3n sobre el comportamiento de navegaci\u00f3n del usuario como el idioma o la configuraci\u00f3n de visualizaci\u00f3n para mejorar su experiencia en los servicios de Google &nbsp;<\/td><td>&nbsp; <a href=\"https:\/\/policies.google.com\/privacy\">https:\/\/policies.google.com\/privacy<\/a> &nbsp;<\/td><td>2 a\u00f1os<\/td><\/tr><tr><td>__Secure-3PAPISID<\/td><td>Publicitaria<\/td><td>Google<\/td><td>&nbsp; Recopila informaci\u00f3n sobre los intereses de los usuarios con el fin de mostrar publicidad personalizada &nbsp;<\/td><td>&nbsp; <a href=\"https:\/\/policies.google.com\/privacy\">https:\/\/policies.google.com\/privacy<\/a> &nbsp;<\/td><td>2 a\u00f1os<\/td><\/tr><tr><td>__Secure\u00b73PSID<\/td><td>Publicitaria<\/td><td>Google<\/td><td>&nbsp; Recopila informaci\u00f3n sobre los intereses de los usuarios con el fin de mostrar publicidad personalizada &nbsp;<\/td><td><a href=\"https:\/\/policies.google.com\/privacy\">https:\/\/policies.google.com\/privacy<\/a> &nbsp;<\/td><td>2 a\u00f1os<\/td><\/tr><tr><td>_gat<\/td><td>Anal\u00edtica<\/td><td>Google<\/td><td>&nbsp; Ayuda a limitar la recopilaci\u00f3n de datos en sitios Web con alto tr\u00e1fico &nbsp;<\/td><td>&nbsp; <a href=\"https:\/\/policies.google.com\/privacy\">https:\/\/policies.google.com\/privacy<\/a> &nbsp;<\/td><td>24 horas<\/td><\/tr><tr><td>_Secure-3PSIDCC<\/td><td>Publicitaria<\/td><td>Google<\/td><td>&nbsp; Recopila informaci\u00f3n sobre los intereses de los usuarios con el fin de mostrar publicidad personalizada &nbsp;<\/td><td><a href=\"https:\/\/policies.google.com\/privacy\">https:\/\/policies.google.com\/privacy<\/a> &nbsp;<\/td><td>2 a\u00f1os<\/td><\/tr><\/tbody><\/table><\/figure>\n\n\n\n<p><\/p>\n\n\n\n<p><strong>\u00bfC\u00d3MO PUEDO ACEPTAR, RECHAZAR O CONFIGURAR LAS COOKIES?<\/strong>&nbsp;<\/p>\n\n\n\n<p>Al visitar nuestro portal por primera vez, se le abrir\u00e1 un <em>banner<\/em> a trav\u00e9s del cual podr\u00e1 gestionar las cookies, esto es, podr\u00e1 aceptarlas (clicando en \u201c<strong>Permitir todas<\/strong>\u201d), en cuyo caso no le volver\u00e1 a aparecer el banner y se instalaran todas las cookies que utiliza este portal, puede rechazarlas (clicando en \u201c<strong>Denegar<\/strong>\u201d), en cuyo caso \u00fanicamente se descargar\u00e1n e instalar\u00e1n aquellas cookies necesarias para el funcionamiento del portal o bien puede configurarlas (clicando en \u201c<strong>Permitir la selecci\u00f3n<\/strong>\u201d), aceptando o rechazando, en particular, las cookies en funci\u00f3n de su tipolog\u00eda.&nbsp;<\/p>\n\n\n\n<p>Asimismo, una vez aceptado el uso de cualquier cookie no necesaria, podr\u00e1, durante la navegaci\u00f3n por la web retirar su consentimiento en cualquier momento clicando el icono que se mostrar\u00e1 en la esquina inferior izquierda de su pantalla.&nbsp;&nbsp;<\/p>\n\n\n\n<p>Tenga en cuenta que si consiente el uso de cookies de terceros y opta, posteriormente, por retirar su consentimiento, podr\u00e1, en su caso, eliminarlas desde las opciones de su navegador o desde el sistema que, en su caso, pueda ofrecer el propio tercero accediendo a los enlaces indicados en p\u00e1rrafos anteriores. Para eliminarlas desde su navegador deber\u00e1, en funci\u00f3n del mismo, acceder a uno de los siguientes enlaces:&nbsp;<\/p>\n\n\n\n<p>Microsoft Edge: support.microsoft.com\/es-es\/help\/4468242\/microsoft-edge-browsing-data-and-privacy-microsoft-privacy&nbsp;<\/p>\n\n\n\n<p>FireFox: support.mozilla.org\/es\/kb\/Borrar%20cookies&nbsp;&nbsp;<\/p>\n\n\n\n<p>Chrome: support.google.com\/chrome\/answer\/95647?hl=&#8221;es&nbsp;<\/p>\n\n\n\n<p>Safari: www.apple.com\/es\/privacy\/use-of-cookies\/&nbsp;&nbsp;<\/p>\n\n\n\n<p>Si usa un navegador diferente de los anteriores, consulte la configuraci\u00f3n de privacidad y seguridad para borrar su historial de navegaci\u00f3n.&nbsp;&nbsp;<\/p>\n\n\n\n<p><strong>TRANSFERENCIAS INTERNACIONALES DE DATOS<\/strong><\/p>\n\n\n\n<p>Asimismo, le informamos que, a trav\u00e9s del uso de cookies de Google se podr\u00e1n realizar transferencias internacionales de datos personales a Estados Unidos. Dichas transferencias est\u00e1n basadas en una decisi\u00f3n de adecuaci\u00f3n de las previstas en el art. 45 del Reglamento General de Protecci\u00f3n de Datos. Puede comprobar la adhesi\u00f3n de dicha compa\u00f1\u00eda al Data Privacy Framework en el siguiente enlace:&nbsp; https:\/\/www.dataprivacyframework.gov\/s\/participant-search<\/p>\n\n\n\n<p><strong>M\u00c1S INFORMACI\u00d3N<\/strong><\/p>\n\n\n\n<p>Adicionalmente, GEBRO puede tener presencia en portales y servicios de terceros para los que, si se desea conocer las condiciones de privacidad y uso de cookies, deber\u00e1 consultar las pol\u00edticas proporcionadas por los mismos.&nbsp;<\/p>\n\n\n\n<p>Puede obtener m\u00e1s informaci\u00f3n no referida espec\u00edficamente a cookies en nuestra Pol\u00edtica de Privacidad y Aviso Legal.&nbsp;<\/p>\n","protected":false},"excerpt":{"rendered":"<p>El sitio web de LABORATORIOS GEBRO PHARMA, S.A. o \u201cGEBRO\u201d (https:\/\/gebro.es\/) y sus dominios utilizan cookies propias y de terceros (peque\u00f1os archivos de informaci\u00f3n que el servidor env\u00eda al ordenador de quien accede a la p\u00e1gina) que almacenan y recuperan informaci\u00f3n cuando navegas con la finalidad de realizar an\u00e1lisis sobre la interacci\u00f3n con el portal, [&hellip;]<\/p>\n","protected":false},"author":1,"featured_media":0,"parent":0,"menu_order":0,"comment_status":"closed","ping_status":"closed","template":"template-legals.blade.php","meta":{"_acf_changed":false,"footnotes":""},"class_list":["post-1678","page","type-page","status-publish","hentry"],"acf":[],"yoast_head":"<!-- This site is optimized with the Yoast SEO plugin v27.4 - https:\/\/yoast.com\/product\/yoast-seo-wordpress\/ -->\n<title>Pol\u00edtica de cookies - Gebro Pharma<\/title>\n<meta name=\"robots\" content=\"index, follow, max-snippet:-1, max-image-preview:large, max-video-preview:-1\" \/>\n<link rel=\"canonical\" href=\"https:\/\/gebro.es\/ca\/politica-de-cookies\/\" \/>\n<meta property=\"og:locale\" content=\"ca_ES\" \/>\n<meta property=\"og:type\" content=\"article\" \/>\n<meta property=\"og:title\" content=\"Pol\u00edtica de cookies - Gebro Pharma\" \/>\n<meta property=\"og:description\" content=\"El sitio web de LABORATORIOS GEBRO PHARMA, S.A. o \u201cGEBRO\u201d (https:\/\/gebro.es\/) y sus dominios utilizan cookies propias y de terceros (peque\u00f1os archivos de informaci\u00f3n que el servidor env\u00eda al ordenador de quien accede a la p\u00e1gina) que almacenan y recuperan informaci\u00f3n cuando navegas con la finalidad de realizar an\u00e1lisis sobre la interacci\u00f3n con el portal, [&hellip;]\" \/>\n<meta property=\"og:url\" content=\"https:\/\/gebro.es\/ca\/politica-de-cookies\/\" \/>\n<meta property=\"og:site_name\" content=\"Gebro Pharma\" \/>\n<meta name=\"twitter:card\" content=\"summary_large_image\" \/>\n<meta name=\"twitter:label1\" content=\"Temps estimat de lectura\" \/>\n\t<meta name=\"twitter:data1\" content=\"8 minuts\" \/>\n<script type=\"application\/ld+json\" class=\"yoast-schema-graph\">{\"@context\":\"https:\\\/\\\/schema.org\",\"@graph\":[{\"@type\":\"WebPage\",\"@id\":\"https:\\\/\\\/gebro.es\\\/ca\\\/politica-de-cookies\\\/\",\"url\":\"https:\\\/\\\/gebro.es\\\/ca\\\/politica-de-cookies\\\/\",\"name\":\"Pol\u00edtica de cookies - Gebro Pharma\",\"isPartOf\":{\"@id\":\"https:\\\/\\\/gebro.es\\\/ca\\\/#website\"},\"datePublished\":\"2024-02-19T08:02:11+00:00\",\"breadcrumb\":{\"@id\":\"https:\\\/\\\/gebro.es\\\/ca\\\/politica-de-cookies\\\/#breadcrumb\"},\"inLanguage\":\"ca\",\"potentialAction\":[{\"@type\":\"ReadAction\",\"target\":[\"https:\\\/\\\/gebro.es\\\/ca\\\/politica-de-cookies\\\/\"]}]},{\"@type\":\"BreadcrumbList\",\"@id\":\"https:\\\/\\\/gebro.es\\\/ca\\\/politica-de-cookies\\\/#breadcrumb\",\"itemListElement\":[{\"@type\":\"ListItem\",\"position\":1,\"name\":\"\",\"item\":\"https:\\\/\\\/gebro.es\\\/ca\\\/\"},{\"@type\":\"ListItem\",\"position\":2,\"name\":\"Pol\u00edtica de cookies\"}]},{\"@type\":\"WebSite\",\"@id\":\"https:\\\/\\\/gebro.es\\\/ca\\\/#website\",\"url\":\"https:\\\/\\\/gebro.es\\\/ca\\\/\",\"name\":\"Gebro Pharma\",\"description\":\"At Gebro Pharma we improve your health\",\"potentialAction\":[{\"@type\":\"SearchAction\",\"target\":{\"@type\":\"EntryPoint\",\"urlTemplate\":\"https:\\\/\\\/gebro.es\\\/ca\\\/?s={search_term_string}\"},\"query-input\":{\"@type\":\"PropertyValueSpecification\",\"valueRequired\":true,\"valueName\":\"search_term_string\"}}],\"inLanguage\":\"ca\"}]}<\/script>\n<!-- \/ Yoast SEO plugin. -->","yoast_head_json":{"title":"Pol\u00edtica de cookies - Gebro Pharma","robots":{"index":"index","follow":"follow","max-snippet":"max-snippet:-1","max-image-preview":"max-image-preview:large","max-video-preview":"max-video-preview:-1"},"canonical":"https:\/\/gebro.es\/ca\/politica-de-cookies\/","og_locale":"ca_ES","og_type":"article","og_title":"Pol\u00edtica de cookies - Gebro Pharma","og_description":"El sitio web de LABORATORIOS GEBRO PHARMA, S.A. o \u201cGEBRO\u201d (https:\/\/gebro.es\/) y sus dominios utilizan cookies propias y de terceros (peque\u00f1os archivos de informaci\u00f3n que el servidor env\u00eda al ordenador de quien accede a la p\u00e1gina) que almacenan y recuperan informaci\u00f3n cuando navegas con la finalidad de realizar an\u00e1lisis sobre la interacci\u00f3n con el portal, [&hellip;]","og_url":"https:\/\/gebro.es\/ca\/politica-de-cookies\/","og_site_name":"Gebro Pharma","twitter_card":"summary_large_image","twitter_misc":{"Temps estimat de lectura":"8 minuts"},"schema":{"@context":"https:\/\/schema.org","@graph":[{"@type":"WebPage","@id":"https:\/\/gebro.es\/ca\/politica-de-cookies\/","url":"https:\/\/gebro.es\/ca\/politica-de-cookies\/","name":"Pol\u00edtica de cookies - Gebro Pharma","isPartOf":{"@id":"https:\/\/gebro.es\/ca\/#website"},"datePublished":"2024-02-19T08:02:11+00:00","breadcrumb":{"@id":"https:\/\/gebro.es\/ca\/politica-de-cookies\/#breadcrumb"},"inLanguage":"ca","potentialAction":[{"@type":"ReadAction","target":["https:\/\/gebro.es\/ca\/politica-de-cookies\/"]}]},{"@type":"BreadcrumbList","@id":"https:\/\/gebro.es\/ca\/politica-de-cookies\/#breadcrumb","itemListElement":[{"@type":"ListItem","position":1,"name":"","item":"https:\/\/gebro.es\/ca\/"},{"@type":"ListItem","position":2,"name":"Pol\u00edtica de cookies"}]},{"@type":"WebSite","@id":"https:\/\/gebro.es\/ca\/#website","url":"https:\/\/gebro.es\/ca\/","name":"Gebro Pharma","description":"At Gebro Pharma we improve your health","potentialAction":[{"@type":"SearchAction","target":{"@type":"EntryPoint","urlTemplate":"https:\/\/gebro.es\/ca\/?s={search_term_string}"},"query-input":{"@type":"PropertyValueSpecification","valueRequired":true,"valueName":"search_term_string"}}],"inLanguage":"ca"}]}},"_links":{"self":[{"href":"https:\/\/gebro.es\/ca\/wp-json\/wp\/v2\/pages\/1678","targetHints":{"allow":["GET"]}}],"collection":[{"href":"https:\/\/gebro.es\/ca\/wp-json\/wp\/v2\/pages"}],"about":[{"href":"https:\/\/gebro.es\/ca\/wp-json\/wp\/v2\/types\/page"}],"author":[{"embeddable":true,"href":"https:\/\/gebro.es\/ca\/wp-json\/wp\/v2\/users\/1"}],"replies":[{"embeddable":true,"href":"https:\/\/gebro.es\/ca\/wp-json\/wp\/v2\/comments?post=1678"}],"version-history":[{"count":0,"href":"https:\/\/gebro.es\/ca\/wp-json\/wp\/v2\/pages\/1678\/revisions"}],"wp:attachment":[{"href":"https:\/\/gebro.es\/ca\/wp-json\/wp\/v2\/media?parent=1678"}],"curies":[{"name":"wp","href":"https:\/\/api.w.org\/{rel}","templated":true}]}}