{"id":1650,"date":"2024-01-30T15:20:19","date_gmt":"2024-01-30T15:20:19","guid":{"rendered":"https:\/\/gebro.es\/contacte\/informacion-medica\/"},"modified":"2025-02-24T15:42:18","modified_gmt":"2025-02-24T15:42:18","slug":"informacio-medica","status":"publish","type":"page","link":"https:\/\/gebro.es\/ca\/contacte\/informacio-medica\/","title":{"rendered":"Informaci\u00f3 m\u00e8dica"},"content":{"rendered":"<section class=\"container grid grid-cols-12 gap-8\">\n  <div class=\"col-span-full lg:col-span-5 flex flex-col gap-4\">\n    <h2 class=\"text-2xl  md:text-3xl xl:text-4xl  2xl:text-5xl font-bold\">Informaci\u00f3 m\u00e8dica<\/h2>\n    <p class=\"text-base lg:text-md  2xl:text-lg\">Si la teva consulta est\u00e0 relacionada amb informaci\u00f3 m\u00e8dica sobre qualsevol dels productes o serveis de Gebro Pharma, si us plau, completa el seg\u00fcent formulari i ens posarem en contacte amb tu.<\/p>\n  <\/div>\n  <div class=\"col-span-full lg:col-span-5 lg:col-end-13\">\n            <div class=\"medical-form\">\n          <form class=\" form-section flex flex-col gap-y-4 sm:items-start\" accept-charset=\"utf-8\">\n  <div class=\"relative w-full\">\n    <label for=\"ipt-medical-name\" class=\"text-sm pointer-events-none  lg:text-base font-bold\">Nom i cognom<\/label>\n    <input id=\"ipt-medical-name\" name=\"name\" type=\"text\"\n      class=\"w-full p-2 text-base placeholder-gray-600 transition border border-cyan-700 bg-gray-100 rounded-md  peer hover:!border-cyan-600 focus:ring-0 focus:outline-none focus:!border-cyan-600 focus:shadow-active-button placeholder-shown:!border-cyan-700 invalid:border-cyan-600 valid:border-cyan-700 \"\n      placeholder=\"Nom i cognom\" \/>\n\n  <\/div>\n  <div class=\"relative w-full\">\n    <label for=\"ipt-medical-email\" class=\"py-2 text-sm pointer-events-none  lg:text-base font-bold\">Correu electr\u00f2nic*<\/label>\n    <input id=\"ipt-medical-email\" name=\"email\" type=\"email\"\n      class=\"w-full p-2 text-base placeholder-gray-600 transition border border-cyan-700 bg-gray-100 rounded-md  peer hover:!border-cyan-600 focus:ring-0 focus:outline-none focus:!border-cyan-600 focus:shadow-active-button placeholder-shown:!border-cyan-700 invalid:border-cyan-600 valid:border-cyan-700  ipt-required\"\n      required placeholder=\"Correu electr\u00f2nic\" \/>\n\n    <div class=\" hidden pt-1  pointer-events-none  empty-field  text-red-900\">\n      This is a required field<\/div>\n  <\/div>\n  <div class=\"relative w-full\">\n    <label for=\"ipt-medical-phone\" class=\"py-2 text-sm pointer-events-none  lg:text-base font-bold\">N\u00famero de tel\u00e8fon<\/label>\n    <input id=\"ipt-medical-phone\" name=\"phone\" type=\"tel\"\n      class=\"w-full p-2 text-base placeholder-gray-600 transition border border-cyan-700 bg-gray-100 rounded-md  peer hover:!border-cyan-600 focus:ring-0 focus:outline-none focus:!border-cyan-600 focus:shadow-active-button placeholder-shown:!border-cyan-700 invalid:border-cyan-600 valid:border-cyan-700 \"\n      placeholder=\"N\u00famero de tel\u00e8fon\" \/>\n\n  <\/div>\n  <div class=\"relative w-full\">\n    <label for=\"ipt-medical-organization\" class=\"py-2 text-sm pointer-events-none  lg:text-base font-bold\">Organitzaci\u00f3<\/label>\n    <input id=\"ipt-medical-organization\" name=\"organization\" type=\"text\"\n      class=\"w-full p-2 text-base placeholder-gray-600 transition border border-cyan-700 bg-gray-100 rounded-md  peer hover:!border-cyan-600 focus:ring-0 focus:outline-none focus:!border-cyan-600 focus:shadow-active-button placeholder-shown:!border-cyan-700 invalid:border-cyan-600 valid:border-cyan-700 \"\n       placeholder=\"Organitzaci\u00f3\" \/>\n  <\/div>\n\n  \n  <div class=\"relative w-full\">\n    <label for=\"ipt-medical-job\" class=\"py-2 text-sm pointer-events-none  lg:text-base font-bold\">\n      C\u00e0rrec*\n    <\/label>\n    <input id=\"ipt-medical-job\" name=\"job\" type=\"text\" required\n      class=\"w-full p-2 text-base placeholder-gray-600 transition border border-cyan-700 bg-gray-100 rounded-md  peer hover:!border-cyan-600  focus:ring-0 focus:outline-none focus:!border-cyan-600 focus:shadow-active-button placeholder-shown:!border-cyan-700 invalid:border-cyan-600 valid:border-cyan-700 ipt-required \"\n      placeholder=\"C\u00e0rrec\" \/>\n    <div class=\" hidden pt-1  pointer-events-none  empty-field  text-red-900\">\n      This is a required field<\/div>\n  <\/div>\n\n  \n  <div class=\"relative w-full\">\n    <label for=\"ipt-medical-product\" class=\"py-2 text-sm pointer-events-none  lg:text-base font-bold\">\n      Producte*\n    <\/label>\n    <input id=\"ipt-medical-product\" name=\"product\" type=\"text\" required\n      class=\"w-full p-2 text-base placeholder-gray-600 transition border border-cyan-700 bg-gray-100 rounded-md  peer hover:!border-cyan-600  focus:ring-0 focus:outline-none focus:!border-cyan-600 focus:shadow-active-button placeholder-shown:!border-cyan-700 invalid:border-cyan-600 valid:border-cyan-700  ipt-required\"\n      placeholder=\"Producte\" \/>\n    <div class=\" hidden pt-1  pointer-events-none  empty-field  text-red-900\">\n      This is a required field<\/div>\n  <\/div>\n\n  <div class=\"relative w-full\">\n    <label for=\"ipt-medical-reason\" class=\"py-2 text-sm pointer-events-none lg:text-base font-bold\">\n      Assumpte\n    <\/label>\n    <input id=\"ipt-medical-reason\" name=\"reason\" type=\"text\"\n      class=\"w-full p-2 text-base placeholder-gray-600 transition border border-cyan-700 bg-gray-100 rounded-md  peer hover:!border-cyan-600 focus:ring-0 focus:outline-none focus:!border-cyan-600 focus:shadow-active-button placeholder-shown:!border-cyan-700 invalid:border-cyan-600 valid:border-cyan-700 \"\n      placeholder=\"Escriu l\u2019assumpte\" \/>\n    <div class=\" hidden pt-1  pointer-events-none  empty-field  text-red-900\">\n      This is a required field<\/div>\n\n  <\/div>\n  <div class=\"relative w-full\">\n    <label for=\"ipt-medical-message\" class=\"py-2 text-sm pointer-events-none   lg:text-base font-bold\">Escriu el teu missatge*<\/label>\n    <textarea id=\"ipt-medical-message\" name=\"message\"\n      class=\"w-full p-2 text-base placeholder-gray-600 transition border border-cyan-700 bg-gray-100 rounded-md  peer hover:!border-cyan-600 focus:ring-0 focus:outline-none focus:!border-cyan-600 focus:shadow-active-button placeholder-shown:!border-cyan-700 invalid:border-cyan-600 valid:border-cyan-700  ipt-required\"\n      required placeholder=\"Escriu\u2026*\" rows=\"4\"><\/textarea>\n    <div class=\"hidden pt-1  pointer-events-none empty-field  text-red-900\">\n      This is a required field<\/div>\n  <\/div>\n  <div class=\"flex flex-col gap-4 items-start\">\n    <p>\n      Camps obligatoris (*)\n    <\/p>\n    <a href=\"#accept-terms\"\n      class=\"w-fit flex items-center justify-center px-6 py-2  text-center transition rounded-lg bg-cyan-600 group shadow-active-button text-gray-50 text-base 2xl:text-xl terms-actioner\"\n      aria-label=\"Anar a la finestra d'acceptaci\u00f3 de la pol\u00edtica de privadesa\">\n      <p class=\"transition\">Enviar<\/p>\n    <\/a>\n  <\/div>\n\n<input type=\"hidden\" id=\"_wpnonce\" name=\"_wpnonce\" value=\"606ee29325\" \/><input type=\"hidden\" name=\"_wp_http_referer\" value=\"\/ca\/wp-json\/wp\/v2\/pages\/1650\" \/>\n\n  <div\n  class=\"fixed inset-0 z-50 flex items-center justify-center transition-opacity opacity-0 pointer-events-none terms-modal\">\n  <div class=\"absolute inset-0 bg-black\/60 terms-close\"><\/div>\n  <div class=\"container pointer-events-none\">\n    <div\n      class=\"w-full max-w-3xl mx-auto min-h-[520px]  py-10 px-6 relative terms-modal-container border border-cyan-700 bg-gray-100 rounded-md\">\n      <a href=\"#close-terms\"\n        class=\"absolute  top-8 right-8 sm:top-14 sm:right-14 terms-close focus:outline-none focus:outline-1 focus:outline-cyan-600 focus:outline-offset-4 focus:text-cyan-600 hover:text-cyan-600\"\n        aria-label=\"Tancar la finestra d'acceptaci\u00f3 de la pol\u00edtica de privadesa\"><svg class=\"w-4 h-4 text-cyan-600\" xmlns=\"http:\/\/www.w3.org\/2000\/svg\" fill=\"none\" viewBox=\"0 0 14 14\"><path fill=\"currentColor\" d=\"M1.4 13.655.346 12.602l5.6-5.6-5.6-5.6L1.4.347l5.6 5.6 5.6-5.6L13.652 1.4l-5.6 5.6 5.6 5.6-1.053 1.054-5.6-5.6-5.6 5.6Z\"\/><\/svg><\/a>\n\n      <div class=\"flex flex-col w-full gap-6\">\n\n        <p class=\"text-lg lg:text-xl\">La nostra pol\u00edtica de privacitat<\/p>\n\n        <div class=\"w-full  bg-gray-100 newsletter_legal_box rich-text\">\n          <article><p>LABORATORIOS GEBRO PHARMA, S.A., com a responsable del tractament, tractar\u00e0 les dades proporcionades amb l\u2019\u00fanica finalitat d\u2019atendre la seva sol\u00b7licitud, reclamaci\u00f3, queixa, consulta o suggeriment. La base legal per a aquest tractament \u00e9s l\u2019inter\u00e8s leg\u00edtim del responsable i el seu consentiment. Les dades proporcionades no es cediran a tercers, excepte per obligaci\u00f3 legal. Vost\u00e8 t\u00e9 dret a accedir, rectificar i suprimir les dades, aix\u00ed com altres drets, indicats en la informaci\u00f3 addicional, que pot exercir dirigint-se al nostre DPO: <a href=\"mailto:protecciondedatos@gebro.es\">protecciondedatos@gebro.es<\/a> o Av. Tibidabo, n\u00famero 29, 08022 Barcelona.<\/p>\n<p>Per a m\u00e9s informaci\u00f3, pot consultar la nostra <a href=\"https:\/\/gebro.es\/ca\/politica-de-privacidad\/\">pol\u00edtica de privacitat<\/a>.<\/p>\n<\/article>\n        <\/div>\n\n        <div class=\"flex flex-row gap-2\">\n          <input type=\"checkbox\" name=\"terms\" id=\"terms\" class=\"terms-input ipt-required\" required \/>\n          <label for=\"terms\" class=\"terms-label\">\n            <div class=\"checkbox\"><\/div>\n            He llegit i consento el tractament de dades personals.          <\/label>\n          <div class=\" hidden pt-1  pointer-events-none  empty-field  text-red-900\">\n            This is a required field<\/div>\n        <\/div>\n\n        <div class=\"hidden ct-response-terms\">\n          <div class=\"flex items-center gap-3  text-red-900\">\n            <!-- images\/invalid.svg not found. -->\n            Has d\u2019acceptar els termes.          <\/div>\n        <\/div>\n\n\n        <p class=\"text-xs text-gray-500\">\n                      Aquest lloc est\u00e0 protegit per reCAPTCHA i s&#8217;apliquen la\n            <a href=\"https:\/\/policies.google.com\/privacy\" target=\"_blank\" class=\"underline\">Pol\u00edtica de Privadesa<\/a> i els\n            <a href=\"https:\/\/policies.google.com\/terms\" target=\"_blank\" class=\"underline\">Termes del Servei<\/a> de Google.\n                  <\/p>\n\n        <button type=\"submit\"\n          class=\"w-fit flex items-center justify-center px-6 py-2  text-center transition rounded-lg bg-cyan-600 group shadow-active-button text-gray-50 text-base lg:text-lg 2xl:text-xl terms-actioner\"\n          aria-label=\"Accept terms and send email\">\n          Enviar\n        <\/button>\n\n        <div class=\"hidden ct-response-error\">\n          <div class=\"flex items-center gap-3  text-red-900\">\n            <!-- images\/invalid.svg not found. -->\n            S\u2019ha produ\u00eft un problema. Si us plau, intenta-ho de nou m\u00e9s tard.          <\/div>\n        <\/div>\n\n      <\/div>\n\n    <\/div>\n  <\/div>\n<\/div>\n\n<\/form>\n<div class=\"hidden ct-response-success\">\n  <div class=\"flex items-center gap-3 text-xl \">\n    Gr\u00e0cies pel teu missatge.  <\/div>\n<\/div>\n        <\/div>\n        <\/div>\n<\/section>\n","protected":false},"excerpt":{"rendered":"","protected":false},"author":1,"featured_media":0,"parent":1634,"menu_order":0,"comment_status":"closed","ping_status":"closed","template":"template-forms.blade.php","meta":{"_acf_changed":false,"footnotes":""},"class_list":["post-1650","page","type-page","status-publish","hentry"],"acf":[],"yoast_head":"<!-- This site is optimized with the Yoast SEO plugin v27.3 - https:\/\/yoast.com\/product\/yoast-seo-wordpress\/ -->\n<title>Informaci\u00f3 m\u00e8dica - Gebro Pharma<\/title>\n<meta name=\"robots\" content=\"index, follow, max-snippet:-1, max-image-preview:large, max-video-preview:-1\" \/>\n<link rel=\"canonical\" href=\"https:\/\/gebro.es\/ca\/contacte\/informacio-medica\/\" \/>\n<meta property=\"og:locale\" content=\"ca_ES\" \/>\n<meta property=\"og:type\" content=\"article\" \/>\n<meta property=\"og:title\" content=\"Informaci\u00f3 m\u00e8dica - Gebro Pharma\" \/>\n<meta property=\"og:url\" content=\"https:\/\/gebro.es\/ca\/contacte\/informacio-medica\/\" \/>\n<meta property=\"og:site_name\" content=\"Gebro Pharma\" \/>\n<meta property=\"article:modified_time\" content=\"2025-02-24T15:42:18+00:00\" \/>\n<meta name=\"twitter:card\" content=\"summary_large_image\" \/>\n<meta name=\"twitter:label1\" content=\"Temps estimat de lectura\" \/>\n\t<meta name=\"twitter:data1\" content=\"1 minut\" \/>\n<script type=\"application\/ld+json\" class=\"yoast-schema-graph\">{\"@context\":\"https:\\\/\\\/schema.org\",\"@graph\":[{\"@type\":\"WebPage\",\"@id\":\"https:\\\/\\\/gebro.es\\\/ca\\\/contacte\\\/informacio-medica\\\/\",\"url\":\"https:\\\/\\\/gebro.es\\\/ca\\\/contacte\\\/informacio-medica\\\/\",\"name\":\"Informaci\u00f3 m\u00e8dica - Gebro Pharma\",\"isPartOf\":{\"@id\":\"https:\\\/\\\/gebro.es\\\/ca\\\/#website\"},\"datePublished\":\"2024-01-30T15:20:19+00:00\",\"dateModified\":\"2025-02-24T15:42:18+00:00\",\"breadcrumb\":{\"@id\":\"https:\\\/\\\/gebro.es\\\/ca\\\/contacte\\\/informacio-medica\\\/#breadcrumb\"},\"inLanguage\":\"ca\",\"potentialAction\":[{\"@type\":\"ReadAction\",\"target\":[\"https:\\\/\\\/gebro.es\\\/ca\\\/contacte\\\/informacio-medica\\\/\"]}]},{\"@type\":\"BreadcrumbList\",\"@id\":\"https:\\\/\\\/gebro.es\\\/ca\\\/contacte\\\/informacio-medica\\\/#breadcrumb\",\"itemListElement\":[{\"@type\":\"ListItem\",\"position\":1,\"name\":\"\",\"item\":\"https:\\\/\\\/gebro.es\\\/ca\\\/\"},{\"@type\":\"ListItem\",\"position\":2,\"name\":\"Contacte\",\"item\":\"https:\\\/\\\/gebro.es\\\/ca\\\/contacte\\\/\"},{\"@type\":\"ListItem\",\"position\":3,\"name\":\"Informaci\u00f3 m\u00e8dica\"}]},{\"@type\":\"WebSite\",\"@id\":\"https:\\\/\\\/gebro.es\\\/ca\\\/#website\",\"url\":\"https:\\\/\\\/gebro.es\\\/ca\\\/\",\"name\":\"Gebro Pharma\",\"description\":\"At Gebro Pharma we improve your health\",\"potentialAction\":[{\"@type\":\"SearchAction\",\"target\":{\"@type\":\"EntryPoint\",\"urlTemplate\":\"https:\\\/\\\/gebro.es\\\/ca\\\/?s={search_term_string}\"},\"query-input\":{\"@type\":\"PropertyValueSpecification\",\"valueRequired\":true,\"valueName\":\"search_term_string\"}}],\"inLanguage\":\"ca\"}]}<\/script>\n<!-- \/ Yoast SEO plugin. -->","yoast_head_json":{"title":"Informaci\u00f3 m\u00e8dica - Gebro Pharma","robots":{"index":"index","follow":"follow","max-snippet":"max-snippet:-1","max-image-preview":"max-image-preview:large","max-video-preview":"max-video-preview:-1"},"canonical":"https:\/\/gebro.es\/ca\/contacte\/informacio-medica\/","og_locale":"ca_ES","og_type":"article","og_title":"Informaci\u00f3 m\u00e8dica - Gebro Pharma","og_url":"https:\/\/gebro.es\/ca\/contacte\/informacio-medica\/","og_site_name":"Gebro Pharma","article_modified_time":"2025-02-24T15:42:18+00:00","twitter_card":"summary_large_image","twitter_misc":{"Temps estimat de lectura":"1 minut"},"schema":{"@context":"https:\/\/schema.org","@graph":[{"@type":"WebPage","@id":"https:\/\/gebro.es\/ca\/contacte\/informacio-medica\/","url":"https:\/\/gebro.es\/ca\/contacte\/informacio-medica\/","name":"Informaci\u00f3 m\u00e8dica - Gebro Pharma","isPartOf":{"@id":"https:\/\/gebro.es\/ca\/#website"},"datePublished":"2024-01-30T15:20:19+00:00","dateModified":"2025-02-24T15:42:18+00:00","breadcrumb":{"@id":"https:\/\/gebro.es\/ca\/contacte\/informacio-medica\/#breadcrumb"},"inLanguage":"ca","potentialAction":[{"@type":"ReadAction","target":["https:\/\/gebro.es\/ca\/contacte\/informacio-medica\/"]}]},{"@type":"BreadcrumbList","@id":"https:\/\/gebro.es\/ca\/contacte\/informacio-medica\/#breadcrumb","itemListElement":[{"@type":"ListItem","position":1,"name":"","item":"https:\/\/gebro.es\/ca\/"},{"@type":"ListItem","position":2,"name":"Contacte","item":"https:\/\/gebro.es\/ca\/contacte\/"},{"@type":"ListItem","position":3,"name":"Informaci\u00f3 m\u00e8dica"}]},{"@type":"WebSite","@id":"https:\/\/gebro.es\/ca\/#website","url":"https:\/\/gebro.es\/ca\/","name":"Gebro Pharma","description":"At Gebro Pharma we improve your health","potentialAction":[{"@type":"SearchAction","target":{"@type":"EntryPoint","urlTemplate":"https:\/\/gebro.es\/ca\/?s={search_term_string}"},"query-input":{"@type":"PropertyValueSpecification","valueRequired":true,"valueName":"search_term_string"}}],"inLanguage":"ca"}]}},"_links":{"self":[{"href":"https:\/\/gebro.es\/ca\/wp-json\/wp\/v2\/pages\/1650","targetHints":{"allow":["GET"]}}],"collection":[{"href":"https:\/\/gebro.es\/ca\/wp-json\/wp\/v2\/pages"}],"about":[{"href":"https:\/\/gebro.es\/ca\/wp-json\/wp\/v2\/types\/page"}],"author":[{"embeddable":true,"href":"https:\/\/gebro.es\/ca\/wp-json\/wp\/v2\/users\/1"}],"replies":[{"embeddable":true,"href":"https:\/\/gebro.es\/ca\/wp-json\/wp\/v2\/comments?post=1650"}],"version-history":[{"count":1,"href":"https:\/\/gebro.es\/ca\/wp-json\/wp\/v2\/pages\/1650\/revisions"}],"predecessor-version":[{"id":1651,"href":"https:\/\/gebro.es\/ca\/wp-json\/wp\/v2\/pages\/1650\/revisions\/1651"}],"up":[{"embeddable":true,"href":"https:\/\/gebro.es\/ca\/wp-json\/wp\/v2\/pages\/1634"}],"wp:attachment":[{"href":"https:\/\/gebro.es\/ca\/wp-json\/wp\/v2\/media?parent=1650"}],"curies":[{"name":"wp","href":"https:\/\/api.w.org\/{rel}","templated":true}]}}