{"id":1647,"date":"2024-01-30T15:18:45","date_gmt":"2024-01-30T15:18:45","guid":{"rendered":"https:\/\/gebro.es\/contacte\/farmacovigilancia-y-efectos-adversos\/"},"modified":"2025-02-24T15:40:51","modified_gmt":"2025-02-24T15:40:51","slug":"farmacovigilancia-i-efectes-adversos","status":"publish","type":"page","link":"https:\/\/gebro.es\/ca\/contacte\/farmacovigilancia-i-efectes-adversos\/","title":{"rendered":"Farmacovigil\u00e0ncia i efectes adversos"},"content":{"rendered":"<section class=\"container grid grid-cols-12 gap-8\">\n  <div class=\"col-span-full lg:col-span-5 flex flex-col gap-4\">\n    <h2 class=\"text-2xl  md:text-3xl xl:text-4xl  2xl:text-5xl font-bold\">Farmacovigil\u00e0ncia i efectes adversos<\/h2>\n    <p class=\"text-base lg:text-md  2xl:text-lg\">La seguretat del pacient \u00e9s la nostra prioritat. Per informar sobre un efecte secundari relacionat amb l\u2019\u00fas d\u2019un producte de Gebro Pharma, si us plau, completa aquest formulari.<\/p>\n  <\/div>\n  <div class=\"col-span-full lg:col-span-5 lg:col-end-13\">\n            <div class=\"pharma-form\">\n          <form class=\"form-section flex flex-col gap-y-4 sm:items-start\" id=\"pharma-form\" accept-charset=\"utf-8\">\n  <div class=\"relative w-full\">\n    <label class=\"pointer-events-none text-sm font-bold lg:text-base\" for=\"ipt-pharma-name\">Nom i cognom<\/label>\n    <input class=\"\" id=\"ipt-pharma-name\" name=\"name\" type=\"text\" placeholder=\"Nom i cognom\" \/>\n  <\/div>\n  <div class=\"relative w-full\">\n    <label class=\"pointer-events-none py-2 text-sm font-bold lg:text-base\" for=\"ipt-pharma-email\">Correu electr\u00f2nic*<\/label>\n    <input class=\"ipt-required\" id=\"ipt-pharma-email\" name=\"email\" type=\"email\" required placeholder=\"Correu electr\u00f2nic\" \/>\n    <div class=\"empty-field pointer-events-none hidden pt-1 text-red-900\">\n      Aquest camp \u00e9s obligatori.\n    <\/div>\n  <\/div>\n\n  \n  <div class=\"relative w-full\">\n    <label class=\"pointer-events-none py-2 text-sm font-bold lg:text-base\" for=\"ipt-pharma-gender\">\n      G\u00e8nere*\n    <\/label>\n    <div class=\"flex flex-row gap-4 py-2\">\n      <div>\n        <input class=\"male-input\" id=\"male\" name=\"gender-option\" type=\"radio\" value=\"male\" \/>\n        <label class=\"flex flex-row gap-2\" for=\"male\">\n          <div class=\"check\"><\/div>\n          Home\n        <\/label>\n      <\/div>\n      <div>\n        <input class=\"female-input\" id=\"female\" name=\"gender-option\" type=\"radio\" value=\"female\" \/>\n        <label class=\"flex flex-row gap-2\" for=\"female\">\n          <div class=\"check\"><\/div>\n          Dona\n        <\/label>\n      <\/div>\n      <div>\n        <input class=\"other-input\" id=\"other\" name=\"gender-option\" type=\"radio\" value=\"other\" \/>\n        <label class=\"flex flex-row gap-2\" for=\"other\">\n          <div class=\"check\"><\/div>\n          Altres\n        <\/label>\n      <\/div>\n    <\/div>\n    <input class=\"ipt-required radio-group\" name=\"gender\" type=\"hidden\" value=\"\">\n    <div class=\"empty-field pointer-events-none hidden pt-1 text-red-900\">\n      Aquest camp \u00e9s obligatori.\n    <\/div>\n  <\/div>\n\n  \n  <div class=\"relative w-full\">\n    <label class=\"pointer-events-none py-2 text-sm font-bold lg:text-base\" for=\"ipt-pharma-year\">\n      Edat*\n    <\/label>\n    <input class=\"ipt-required\" id=\"ipt-pharma-year\" name=\"year\" type=\"number\" min=\"10\" max=\"120\" required placeholder=\"Edat\" \/>\n    <div class=\"empty-field pointer-events-none hidden pt-1 text-red-900\">\n      Aquest camp \u00e9s obligatori.\n    <\/div>\n  <\/div>\n\n  \n  <div class=\"relative w-full\">\n    <label class=\"pointer-events-none py-2 text-sm font-bold lg:text-base\" for=\"ipt-pharma-city\">\n      Ciutat*\n    <\/label>\n    <input class=\"ipt-required\" id=\"ipt-pharma-city\" name=\"city\" type=\"text\" required placeholder=\"Ciutat\" \/>\n    <div class=\"empty-field pointer-events-none hidden pt-1 text-red-900\">\n      Aquest camp \u00e9s obligatori.\n    <\/div>\n  <\/div>\n  \n  <div class=\"relative w-full\">\n    <label class=\"pointer-events-none py-2 text-sm font-bold lg:text-base\" for=\"ipt-pharma-product\">\n      Producte*\n    <\/label>\n    <input class=\"ipt-required\" id=\"ipt-pharma-product\" name=\"product\" type=\"text\" required placeholder=\"Producte\" \/>\n    <div class=\"empty-field pointer-events-none hidden pt-1 text-red-900\">\n      Aquest camp \u00e9s obligatori.\n    <\/div>\n  <\/div>\n  <div class=\"relative w-full\">\n    <label class=\"pointer-events-none py-2 text-sm font-bold lg:text-base\" for=\"ipt-pharma-message\">Descriu l\u2019efecte secundari*<\/label>\n    <textarea class=\"ipt-required\" id=\"ipt-pharma-message\" name=\"message\" required placeholder=\"Descriu l\u2019efecte secundari*\" rows=\"4\"><\/textarea>\n    <div class=\"empty-field pointer-events-none hidden pt-1 text-red-900\">\n      Aquest camp \u00e9s obligatori.\n    <\/div>\n  <\/div>\n\n  \n  <div class=\"flex flex-col items-start gap-4\">\n    <p>\n      Camps obligatoris (*)\n    <\/p>\n    <a class=\"shadow-active-button terms-actioner group flex w-fit items-center justify-center rounded-lg bg-cyan-600 px-6 py-2 text-center text-base text-gray-50 transition 2xl:text-xl\" href=\"#accept-terms\" aria-label=\"Anar a la finestra d'acceptaci\u00c3\u00b3 de la pol\u00c3\u00adtica de privadesa\">\n      <p class=\"transition\">Enviar<\/p>\n    <\/a>\n  <\/div>\n  <input type=\"hidden\" id=\"_wpnonce\" name=\"_wpnonce\" value=\"147e1cf291\" \/><input type=\"hidden\" name=\"_wp_http_referer\" value=\"\/ca\/wp-json\/wp\/v2\/pages\/1647\" \/>  <div\n  class=\"fixed inset-0 z-50 flex items-center justify-center transition-opacity opacity-0 pointer-events-none terms-modal\">\n  <div class=\"absolute inset-0 bg-black\/60 terms-close\"><\/div>\n  <div class=\"container pointer-events-none\">\n    <div\n      class=\"w-full max-w-3xl mx-auto min-h-[520px]  py-10 px-6 relative terms-modal-container border border-cyan-700 bg-gray-100 rounded-md\">\n      <a href=\"#close-terms\"\n        class=\"absolute  top-8 right-8 sm:top-14 sm:right-14 terms-close focus:outline-none focus:outline-1 focus:outline-cyan-600 focus:outline-offset-4 focus:text-cyan-600 hover:text-cyan-600\"\n        aria-label=\"Tancar la finestra d'acceptaci\u00f3 de la pol\u00edtica de privadesa\"><svg class=\"w-4 h-4 text-cyan-600\" xmlns=\"http:\/\/www.w3.org\/2000\/svg\" fill=\"none\" viewBox=\"0 0 14 14\"><path fill=\"currentColor\" d=\"M1.4 13.655.346 12.602l5.6-5.6-5.6-5.6L1.4.347l5.6 5.6 5.6-5.6L13.652 1.4l-5.6 5.6 5.6 5.6-1.053 1.054-5.6-5.6-5.6 5.6Z\"\/><\/svg><\/a>\n\n      <div class=\"flex flex-col w-full gap-6\">\n\n        <p class=\"text-lg lg:text-xl\">La nostra pol\u00edtica de privacitat<\/p>\n\n        <div class=\"w-full  bg-gray-100 newsletter_legal_box rich-text\">\n          <article><p>LABORATORIOS GEBRO PHARMA, S.A., como responsable del tratamiento, tratar\u00e1 los datos proporcionados con la \u00fanica finalidad de permitir la trazabilidad y el seguimiento de las reacciones adversas notificadas y, en su caso, comunicarlos al responsable en materia de farmacovigilancia. La base legal para dicho tratamiento es el cumplimiento de una obligaci\u00f3n legal y el inter\u00e9s vital del interesado o de otras personas. Los datos proporcionados podr\u00e1n ser cedidos a la Agencia Europea del Medicamento (EMA), la Agencia Espa\u00f1ola del Medicamento (AEMPS) y\/o Entidades aseguradoras. Usted tiene derecho a acceder, rectificar y suprimir los datos, as\u00ed como otros derechos, indicados en la informaci\u00f3n adicional, que puede ejercer enviando un correo electr\u00f3nico a nuestro DPO:\u00a0<a href=\"mailto:protecciondedatos@gebro.es\">protecciondedatos@gebro.es<\/a>.<\/p>\n<p>Para m\u00e1s informaci\u00f3n, puede consultar nuestra pol\u00edtica de\u00a0<a href=\"https:\/\/gebro.es\/tratamiento-de-datos-para-farmacovigilancia\/\">tratamiento de datos para farmacovigilancia<\/a>.<\/p>\n<\/article>\n        <\/div>\n\n        <div class=\"flex flex-row gap-2\">\n          <input type=\"checkbox\" name=\"terms\" id=\"terms\" class=\"terms-input ipt-required\" required \/>\n          <label for=\"terms\" class=\"terms-label\">\n            <div class=\"checkbox\"><\/div>\n                      <\/label>\n          <div class=\" hidden pt-1  pointer-events-none  empty-field  text-red-900\">\n            This is a required field<\/div>\n        <\/div>\n\n        <div class=\"hidden ct-response-terms\">\n          <div class=\"flex items-center gap-3  text-red-900\">\n            <!-- images\/invalid.svg not found. -->\n            Has d\u2019acceptar els termes.          <\/div>\n        <\/div>\n\n\n        <p class=\"text-xs text-gray-500\">\n                      Aquest lloc est\u00e0 protegit per reCAPTCHA i s&#8217;apliquen la\n            <a href=\"https:\/\/policies.google.com\/privacy\" target=\"_blank\" class=\"underline\">Pol\u00edtica de Privadesa<\/a> i els\n            <a href=\"https:\/\/policies.google.com\/terms\" target=\"_blank\" class=\"underline\">Termes del Servei<\/a> de Google.\n                  <\/p>\n\n        <button type=\"submit\"\n          class=\"w-fit flex items-center justify-center px-6 py-2  text-center transition rounded-lg bg-cyan-600 group shadow-active-button text-gray-50 text-base lg:text-lg 2xl:text-xl terms-actioner\"\n          aria-label=\"Accept terms and send email\">\n          Enviar\n        <\/button>\n\n        <div class=\"hidden ct-response-error\">\n          <div class=\"flex items-center gap-3  text-red-900\">\n            <!-- images\/invalid.svg not found. -->\n            S\u2019ha produ\u00eft un problema. Si us plau, intenta-ho de nou m\u00e9s tard.          <\/div>\n        <\/div>\n\n      <\/div>\n\n    <\/div>\n  <\/div>\n<\/div>\n<\/form>\n<div class=\"ct-response-success hidden\">\n  <div class=\"flex items-center gap-3 text-xl\">\n    Gr\u00e0cies pel teu missatge.\n  <\/div>\n<\/div>\n        <\/div>\n        <\/div>\n<\/section>\n","protected":false},"excerpt":{"rendered":"","protected":false},"author":1,"featured_media":0,"parent":1634,"menu_order":0,"comment_status":"closed","ping_status":"closed","template":"template-forms.blade.php","meta":{"_acf_changed":false,"footnotes":""},"class_list":["post-1647","page","type-page","status-publish","hentry"],"acf":[],"yoast_head":"<!-- This site is optimized with the Yoast SEO plugin v27.3 - https:\/\/yoast.com\/product\/yoast-seo-wordpress\/ -->\n<title>Farmacovigil\u00e0ncia i efectes adversos - Gebro Pharma<\/title>\n<meta name=\"robots\" content=\"index, follow, max-snippet:-1, max-image-preview:large, max-video-preview:-1\" \/>\n<link rel=\"canonical\" href=\"https:\/\/gebro.es\/ca\/contacte\/farmacovigilancia-i-efectes-adversos\/\" \/>\n<meta property=\"og:locale\" content=\"ca_ES\" \/>\n<meta property=\"og:type\" content=\"article\" \/>\n<meta property=\"og:title\" content=\"Farmacovigil\u00e0ncia i efectes adversos - Gebro Pharma\" \/>\n<meta property=\"og:url\" content=\"https:\/\/gebro.es\/ca\/contacte\/farmacovigilancia-i-efectes-adversos\/\" \/>\n<meta property=\"og:site_name\" content=\"Gebro Pharma\" \/>\n<meta property=\"article:modified_time\" content=\"2025-02-24T15:40:51+00:00\" \/>\n<meta name=\"twitter:card\" content=\"summary_large_image\" \/>\n<meta name=\"twitter:label1\" content=\"Temps estimat de lectura\" \/>\n\t<meta name=\"twitter:data1\" content=\"1 minut\" \/>\n<script type=\"application\/ld+json\" class=\"yoast-schema-graph\">{\"@context\":\"https:\\\/\\\/schema.org\",\"@graph\":[{\"@type\":\"WebPage\",\"@id\":\"https:\\\/\\\/gebro.es\\\/ca\\\/contacte\\\/farmacovigilancia-i-efectes-adversos\\\/\",\"url\":\"https:\\\/\\\/gebro.es\\\/ca\\\/contacte\\\/farmacovigilancia-i-efectes-adversos\\\/\",\"name\":\"Farmacovigil\u00e0ncia i efectes adversos - Gebro Pharma\",\"isPartOf\":{\"@id\":\"https:\\\/\\\/gebro.es\\\/ca\\\/#website\"},\"datePublished\":\"2024-01-30T15:18:45+00:00\",\"dateModified\":\"2025-02-24T15:40:51+00:00\",\"breadcrumb\":{\"@id\":\"https:\\\/\\\/gebro.es\\\/ca\\\/contacte\\\/farmacovigilancia-i-efectes-adversos\\\/#breadcrumb\"},\"inLanguage\":\"ca\",\"potentialAction\":[{\"@type\":\"ReadAction\",\"target\":[\"https:\\\/\\\/gebro.es\\\/ca\\\/contacte\\\/farmacovigilancia-i-efectes-adversos\\\/\"]}]},{\"@type\":\"BreadcrumbList\",\"@id\":\"https:\\\/\\\/gebro.es\\\/ca\\\/contacte\\\/farmacovigilancia-i-efectes-adversos\\\/#breadcrumb\",\"itemListElement\":[{\"@type\":\"ListItem\",\"position\":1,\"name\":\"\",\"item\":\"https:\\\/\\\/gebro.es\\\/ca\\\/\"},{\"@type\":\"ListItem\",\"position\":2,\"name\":\"Contacte\",\"item\":\"https:\\\/\\\/gebro.es\\\/ca\\\/contacte\\\/\"},{\"@type\":\"ListItem\",\"position\":3,\"name\":\"Farmacovigil\u00e0ncia i efectes adversos\"}]},{\"@type\":\"WebSite\",\"@id\":\"https:\\\/\\\/gebro.es\\\/ca\\\/#website\",\"url\":\"https:\\\/\\\/gebro.es\\\/ca\\\/\",\"name\":\"Gebro Pharma\",\"description\":\"At Gebro Pharma we improve your health\",\"potentialAction\":[{\"@type\":\"SearchAction\",\"target\":{\"@type\":\"EntryPoint\",\"urlTemplate\":\"https:\\\/\\\/gebro.es\\\/ca\\\/?s={search_term_string}\"},\"query-input\":{\"@type\":\"PropertyValueSpecification\",\"valueRequired\":true,\"valueName\":\"search_term_string\"}}],\"inLanguage\":\"ca\"}]}<\/script>\n<!-- \/ Yoast SEO plugin. -->","yoast_head_json":{"title":"Farmacovigil\u00e0ncia i efectes adversos - Gebro Pharma","robots":{"index":"index","follow":"follow","max-snippet":"max-snippet:-1","max-image-preview":"max-image-preview:large","max-video-preview":"max-video-preview:-1"},"canonical":"https:\/\/gebro.es\/ca\/contacte\/farmacovigilancia-i-efectes-adversos\/","og_locale":"ca_ES","og_type":"article","og_title":"Farmacovigil\u00e0ncia i efectes adversos - Gebro Pharma","og_url":"https:\/\/gebro.es\/ca\/contacte\/farmacovigilancia-i-efectes-adversos\/","og_site_name":"Gebro Pharma","article_modified_time":"2025-02-24T15:40:51+00:00","twitter_card":"summary_large_image","twitter_misc":{"Temps estimat de lectura":"1 minut"},"schema":{"@context":"https:\/\/schema.org","@graph":[{"@type":"WebPage","@id":"https:\/\/gebro.es\/ca\/contacte\/farmacovigilancia-i-efectes-adversos\/","url":"https:\/\/gebro.es\/ca\/contacte\/farmacovigilancia-i-efectes-adversos\/","name":"Farmacovigil\u00e0ncia i efectes adversos - Gebro Pharma","isPartOf":{"@id":"https:\/\/gebro.es\/ca\/#website"},"datePublished":"2024-01-30T15:18:45+00:00","dateModified":"2025-02-24T15:40:51+00:00","breadcrumb":{"@id":"https:\/\/gebro.es\/ca\/contacte\/farmacovigilancia-i-efectes-adversos\/#breadcrumb"},"inLanguage":"ca","potentialAction":[{"@type":"ReadAction","target":["https:\/\/gebro.es\/ca\/contacte\/farmacovigilancia-i-efectes-adversos\/"]}]},{"@type":"BreadcrumbList","@id":"https:\/\/gebro.es\/ca\/contacte\/farmacovigilancia-i-efectes-adversos\/#breadcrumb","itemListElement":[{"@type":"ListItem","position":1,"name":"","item":"https:\/\/gebro.es\/ca\/"},{"@type":"ListItem","position":2,"name":"Contacte","item":"https:\/\/gebro.es\/ca\/contacte\/"},{"@type":"ListItem","position":3,"name":"Farmacovigil\u00e0ncia i efectes adversos"}]},{"@type":"WebSite","@id":"https:\/\/gebro.es\/ca\/#website","url":"https:\/\/gebro.es\/ca\/","name":"Gebro Pharma","description":"At Gebro Pharma we improve your health","potentialAction":[{"@type":"SearchAction","target":{"@type":"EntryPoint","urlTemplate":"https:\/\/gebro.es\/ca\/?s={search_term_string}"},"query-input":{"@type":"PropertyValueSpecification","valueRequired":true,"valueName":"search_term_string"}}],"inLanguage":"ca"}]}},"_links":{"self":[{"href":"https:\/\/gebro.es\/ca\/wp-json\/wp\/v2\/pages\/1647","targetHints":{"allow":["GET"]}}],"collection":[{"href":"https:\/\/gebro.es\/ca\/wp-json\/wp\/v2\/pages"}],"about":[{"href":"https:\/\/gebro.es\/ca\/wp-json\/wp\/v2\/types\/page"}],"author":[{"embeddable":true,"href":"https:\/\/gebro.es\/ca\/wp-json\/wp\/v2\/users\/1"}],"replies":[{"embeddable":true,"href":"https:\/\/gebro.es\/ca\/wp-json\/wp\/v2\/comments?post=1647"}],"version-history":[{"count":1,"href":"https:\/\/gebro.es\/ca\/wp-json\/wp\/v2\/pages\/1647\/revisions"}],"predecessor-version":[{"id":1649,"href":"https:\/\/gebro.es\/ca\/wp-json\/wp\/v2\/pages\/1647\/revisions\/1649"}],"up":[{"embeddable":true,"href":"https:\/\/gebro.es\/ca\/wp-json\/wp\/v2\/pages\/1634"}],"wp:attachment":[{"href":"https:\/\/gebro.es\/ca\/wp-json\/wp\/v2\/media?parent=1647"}],"curies":[{"name":"wp","href":"https:\/\/api.w.org\/{rel}","templated":true}]}}