{"id":1527,"date":"2024-02-19T07:58:52","date_gmt":"2024-02-19T07:58:52","guid":{"rendered":"https:\/\/gebro.es\/aviso-legal\/"},"modified":"2024-02-19T07:58:52","modified_gmt":"2024-02-19T07:58:52","slug":"aviso-legal","status":"publish","type":"page","link":"https:\/\/gebro.es\/ca\/aviso-legal\/","title":{"rendered":"Aviso legal"},"content":{"rendered":"\n<ol class=\"wp-block-list\">\n<li>OBJETO<\/li>\n<\/ol>\n\n\n\n<p>El presente aviso legal regula el uso y utilizaci\u00f3n del sitio web&nbsp;<a href=\"https:\/\/gebro.es\/ca\/\">https:\/\/gebro.es\/<\/a> &nbsp;del que es titular LABORATORIOS GEBRO PHARMA, S.A. (en adelante, el PROPIETARIO DE LA WEB).<\/p>\n\n\n\n<p>La navegaci\u00f3n por el sitio web del PROPIETARIO DE LA WEB le atribuye la condici\u00f3n de USUARIO del mismo y conlleva su aceptaci\u00f3n plena y sin reservas de todas y cada una de las condiciones publicadas en este aviso legal, advirtiendo de que dichas condiciones podr\u00e1n ser modificadas sin notificaci\u00f3n previa por parte del PROPIETARIO DE LA WEB, en cuyo caso se proceder\u00e1 a su publicaci\u00f3n y aviso con la m\u00e1xima antelaci\u00f3n posible.<\/p>\n\n\n\n<p>Por ello es recomendable leer atentamente su contenido en caso de desear acceder y hacer uso de la informaci\u00f3n y de los servicios ofrecidos desde este sitio web.<\/p>\n\n\n\n<p>El usuario, adem\u00e1s, se obliga a hacer un uso correcto del sitio web de conformidad con las leyes, la buena fe, el orden p\u00fablico, los usos del tr\u00e1fico y el presente Aviso Legal, y responder\u00e1 frente el PROPIETARIO DE LA WEB o frente a terceros, de cualesquiera da\u00f1os y perjuicios que pudieran causarse como consecuencia del incumplimiento de dicha obligaci\u00f3n.<\/p>\n\n\n\n<p>Cualquier utilizaci\u00f3n distinta a la autorizada est\u00e1 expresamente prohibida, pudiendo el PROPIETARIO DE LA WEB denegar o retirar el acceso y su uso en cualquier momento.<\/p>\n\n\n\n<ul class=\"wp-block-list\">\n<li>IDENTIFICACI\u00d3N<\/li>\n<\/ul>\n\n\n\n<p>El PROPIETARIO DE LA WEB, en cumplimiento de la Ley 34\/2002, de 11 de julio, de Servicios de la Sociedad de la Informaci\u00f3n y de Comercio Electr\u00f3nico, le informa de que:<\/p>\n\n\n\n<ul class=\"wp-block-list\">\n<li>Su denominaci\u00f3n social es: LABORATORIOS GEBRO PHARMA, S.A.<\/li>\n\n\n\n<li>Su CIF es: A62826136<\/li>\n\n\n\n<li>Su domicilio social est\u00e1 en: Av. Tibidabo, n\u00fam. 29 &#8211; 08022 (Barcelona \u2013 BARCELONA).<\/li>\n<\/ul>\n\n\n\n<ul class=\"wp-block-list\">\n<li>COMUNICACIONES<\/li>\n<\/ul>\n\n\n\n<p>Para comunicarse con nosotros, ponemos a su disposici\u00f3n diferentes medios de contacto que detallamos a continuaci\u00f3n:<\/p>\n\n\n\n<ul class=\"wp-block-list\">\n<li>Tfno.: 932058686<\/li>\n\n\n\n<li>Email: laboratorios@gebro.es<\/li>\n<\/ul>\n\n\n\n<p>Todas las notificaciones y comunicaciones entre los usuarios y el PROPIETARIO DE LA WEB se considerar\u00e1n eficaces, a todos los efectos, cuando se realicen a trav\u00e9s de cualquier medio de los detallados anteriormente.<\/p>\n\n\n\n<ul class=\"wp-block-list\">\n<li>CONDICIONES DE ACCESO Y UTILIZACI\u00d3N<\/li>\n<\/ul>\n\n\n\n<p>El sitio web y sus servicios son de acceso libre y gratuito, salvo en lo relativo al costo de la conexi\u00f3n a trav\u00e9s de la red de telecomunicaciones suministrada por el proveedor de acceso contratado por los usuarios.&nbsp;No obstante, ciertas \u00e1reas, servicios y funcionalidades tienen car\u00e1cter privado para ciertas categor\u00edas de usuarios y su acceso se encuentra restringido y sometido a Condiciones Particulares de Uso que, seg\u00fan el caso, sustituir\u00e1n, completar\u00e1n y\/o modificar\u00e1n las presentes Condiciones Generales.&nbsp;En consecuencia,&nbsp;deber\u00e1 leer atentamente y aceptar las correspondientes Condiciones de Uso Generales y, en su caso, las Condiciones Particulares de Uso, antes de proceder a su utilizaci\u00f3n.<\/p>\n\n\n\n<p>El usuario garantiza la autenticidad y actualidad de todos aquellos datos que comunique al PROPIETARIO DE LA WEB y ser\u00e1 el \u00fanico responsable de las manifestaciones falsas o inexactas que realice.<\/p>\n\n\n\n<p>El usuario se compromete expresamente a hacer un uso adecuado de los contenidos y servicios del PROPIETARIO DE LA WEB y a no emplearlos para, entre otros:<\/p>\n\n\n\n<ol class=\"wp-block-list\" style=\"list-style-type:lower-alpha\">\n<li>Difundir contenidos delictivos, violentos, pornogr\u00e1ficos, racistas, xen\u00f3fobos, ofensivos, de apolog\u00eda del terrorismo o, en general, contrarios a la ley o al orden p\u00fablico.<\/li>\n\n\n\n<li>Introducir en la red virus inform\u00e1ticos o realizar actuaciones susceptibles de alterar, estropear, interrumpir o generar errores o da\u00f1os en los documentos electr\u00f3nicos, datos o sistemas f\u00edsicos y l\u00f3gicos de PROPIETARIO DE LA WEB o de terceras personas; as\u00ed como obstaculizar el acceso de otros usuarios al sitio web y a sus servicios mediante el consumo masivo de los recursos inform\u00e1ticos a trav\u00e9s de los cuales PROPIETARIO DE LA WEB presta sus servicios.<\/li>\n\n\n\n<li>Intentar acceder a las cuentas de correo electr\u00f3nico de otros usuarios o a \u00e1reas restringidas de los sistemas inform\u00e1ticos del PROPIETARIO DE LA WEB o de terceros y, en su caso, extraer informaci\u00f3n.<\/li>\n\n\n\n<li>Vulnerar los derechos de propiedad intelectual o industrial, as\u00ed como violar la confidencialidad de la informaci\u00f3n del PROPIETARIO DE LA WEB o de terceros.<\/li>\n\n\n\n<li>Suplantar la identidad de cualquier otro usuario.<\/li>\n\n\n\n<li>Reproducir, copiar, distribuir, poner a disposici\u00f3n de, o cualquier otra forma de comunicaci\u00f3n p\u00fablica, transformar o modificar los contenidos, a menos que se cuente con la autorizaci\u00f3n del titular de los correspondientes derechos o ello resulte legalmente permitido.<\/li>\n\n\n\n<li>Recabar datos con finalidad publicitaria y de remitir publicidad de cualquier clase y comunicaciones con fines de venta u otras de naturaleza comercial sin que medie su previa solicitud o consentimiento.<\/li>\n<\/ol>\n\n\n\n<p>Todos los contenidos del sitio web, como textos, fotograf\u00edas, gr\u00e1ficos, im\u00e1genes, iconos, tecnolog\u00eda, software, as\u00ed como su dise\u00f1o gr\u00e1fico y c\u00f3digos fuente, constituyen una obra cuya propiedad pertenece al PROPIETARIO DE LA WEB, sin que puedan entenderse cedidos al usuario ninguno de los derechos de explotaci\u00f3n sobre los mismos m\u00e1s all\u00e1 de lo estrictamente necesario para el correcto uso de la web.<\/p>\n\n\n\n<p>En definitiva, los usuarios que accedan a este sitio web pueden visualizar los contenidos y efectuar, en su caso, copias privadas autorizadas siempre que los elementos reproducidos no sean cedidos posteriormente a terceros, ni se instalen a servidores conectados a redes, ni sean objeto de ning\u00fan tipo de explotaci\u00f3n.<\/p>\n\n\n\n<p>Asimismo, todas las marcas, nombres comerciales o signos distintivos de cualquier clase que aparecen en el sitio web son propiedad del PROPIETARIO DE LA WEB, sin que pueda entenderse que el uso o acceso al mismo atribuya al usuario derecho alguno sobre los mismos.<\/p>\n\n\n\n<p>La distribuci\u00f3n, modificaci\u00f3n, cesi\u00f3n o comunicaci\u00f3n p\u00fablica de los contenidos y cualquier otro acto que no haya sido expresamente autorizado por el titular de los derechos de explotaci\u00f3n quedan prohibidos.<\/p>\n\n\n\n<p>El establecimiento de un hiperenlace no implica en ning\u00fan caso la existencia de relaciones entre el PROPIETARIO DE LA WEB y el propietario del sitio web en la que se establezca, ni la aceptaci\u00f3n y aprobaci\u00f3n por parte del PROPIETARIO DE LA WEB, sus contenidos o servicios.<\/p>\n\n\n\n<p>El PROPIETARIO DE LA WEB no se responsabiliza del uso que cada usuario les d\u00e9 a los materiales puestos a disposici\u00f3n en este sitio web ni de las actuaciones que realice en base a los mismos.<\/p>\n\n\n\n<p>El PROPIETARIO DE LA WEB se reserva expresamente los derechos de hacer reproducciones y extracciones del contenido de la web con fines de miner\u00eda de textos y datos (entendida como \u201ctoda t\u00e9cnica anal\u00edtica automatizada destinada a analizar textos y datos en formato digital a fin de generar informaci\u00f3n que incluye pautas, tendencias, correlaciones o elementos similares\u201d), esto es, se reserva expresamente el uso de las obras, textos y datos a medios de lectura mec\u00e1nica u otros medios id\u00f3neos, restringiendo as\u00ed el uso comercial de los mismos.<\/p>\n\n\n\n<ul class=\"wp-block-list\">\n<li>EXCLUSI\u00d3N DE GARANT\u00cdAS Y DE RESPONSABILIDAD EN EL ACCESO Y LA UTILIZACI\u00d3N<\/li>\n<\/ul>\n\n\n\n<p>El contenido del presente sitio web es de car\u00e1cter general y tiene una finalidad meramente informativa, sin que se garantice plenamente el acceso a todos los contenidos, ni su exhaustividad, correcci\u00f3n, vigencia o actualidad, ni su idoneidad o utilidad para un objetivo espec\u00edfico.<\/p>\n\n\n\n<p>El PROPIETARIO DE LA WEB excluye, hasta donde permite el ordenamiento jur\u00eddico, cualquier responsabilidad por los da\u00f1os y perjuicios de toda naturaleza derivados de:<\/p>\n\n\n\n<ol class=\"wp-block-list\" style=\"list-style-type:lower-alpha\">\n<li>La imposibilidad de acceso al sitio web o la falta de veracidad, exactitud, exhaustividad y\/o actualidad de los contenidos, as\u00ed como la existencia de vicios y defectos de toda clase de los contenidos transmitidos, difundidos, almacenados, puestos a disposici\u00f3n, a los que se haya accedido a trav\u00e9s del sitio web o de los servicios que se ofrecen.<\/li>\n\n\n\n<li>La presencia de virus o de otros elementos en los contenidos que puedan producir alteraciones en los sistemas inform\u00e1ticos, documentos electr\u00f3nicos o datos de los usuarios.<\/li>\n\n\n\n<li>El incumplimiento de las leyes, la buena fe, el orden p\u00fablico, los usos del tr\u00e1fico y el presente aviso legal como consecuencia del uso incorrecto del sitio web. En particular, y a modo ejemplificativo, el PROPIETARIO DE LA WEB no se hace responsable de las actuaciones de terceros que vulneren derechos de propiedad intelectual e industrial, secretos empresariales, derechos al honor, a la intimidad personal y familiar y a la propia imagen, as\u00ed como la normativa en materia de competencia desleal y publicidad il\u00edcita.<\/li>\n<\/ol>\n\n\n\n<p>Asimismo, el PROPIETARIO DE LA WEB declina cualquier responsabilidad respecto a la informaci\u00f3n que se halle fuera de esta web. La funci\u00f3n de los links que aparecen en esta web es exclusivamente la de informar al usuario sobre la existencia de otras fuentes susceptibles de ampliar los contenidos que ofrece este sitio web. El PROPIETARIO DE LA WEB no garantiza ni se responsabiliza del funcionamiento o accesibilidad de los sitios enlazados; ni sugiere, invita o recomienda la visita a los mismos, por lo que tampoco ser\u00e1 responsable del resultado obtenido. El PROPIETARIO DE LA WEB no se responsabiliza del establecimiento de hiperv\u00ednculos por parte de terceros.<\/p>\n\n\n\n<ul class=\"wp-block-list\">\n<li>PROCEDIMIENTO EN CASO DE REALIZACI\u00d3N DE ACTIVIDADES DE CAR\u00c1CTER IL\u00cdCITO<\/li>\n<\/ul>\n\n\n\n<p>En el caso de que cualquier usuario o un tercero considere que existen hechos o circunstancias que revelen el car\u00e1cter il\u00edcito de la utilizaci\u00f3n de cualquier contenido y\/o de la realizaci\u00f3n de cualquier actividad en las p\u00e1ginas web incluidas o accesibles a trav\u00e9s del sitio web, deber\u00e1 enviar una notificaci\u00f3n al PROPIETARIO DE LA WEB identific\u00e1ndose debidamente y especificando las supuestas infracciones.<\/p>\n\n\n\n<ul class=\"wp-block-list\">\n<li>PUBLICACIONES<\/li>\n<\/ul>\n\n\n\n<p>La informaci\u00f3n administrativa facilitada a trav\u00e9s del sitio web no sustituye la publicidad legal de las leyes, normativas, planes, disposiciones generales y actos que tengan que ser publicados formalmente a los diarios oficiales de las administraciones p\u00fablicas, que constituyen el \u00fanico instrumento que da fe de su autenticidad y contenido. La informaci\u00f3n disponible en este sitio web debe entenderse como una gu\u00eda sin prop\u00f3sito de validez legal.<\/p>\n\n\n\n<ul class=\"wp-block-list\">\n<li><strong>TRANSFERENCIAS DE VALOR<\/strong><\/li>\n<\/ul>\n\n\n\n<p>La publicaci\u00f3n anual de las transferencias de valor realizadas a Profesionales y Organizaciones de Salud se realiza con el fin de garantizar el deber de transparencia previsto en el C\u00f3digo de Buenas Pr\u00e1cticas del C\u00f3digo de la Industria Farmac\u00e9utica. Para ello, GEBRO ha adoptado las medidas t\u00e9cnicas necesarias para evitar la indexaci\u00f3n de la informaci\u00f3n mediante motores de b\u00fasqueda.&nbsp; La publicaci\u00f3n de dicha informaci\u00f3n no habilita a los usuarios para llevar a cabo un tratamiento adicional de los datos de profesionales.<\/p>\n\n\n\n<p>Puede consultar el C\u00f3digo de Buenas Pr\u00e1cticas de la Industria Farmac\u00e9utica 2023 en: <a href=\"https:\/\/www.farmaindustria.es\/web\/\">https:\/\/www.farmaindustria.es\/web\/<\/a>.<\/p>\n\n\n\n<ul class=\"wp-block-list\">\n<li>LEGISLACI\u00d3N APLICABLE Y JURISDICCI\u00d3N<\/li>\n<\/ul>\n\n\n\n<p>Las condiciones presentes se regir\u00e1n por la legislaci\u00f3n espa\u00f1ola vigente.<\/p>\n\n\n\n<p>Para cualquier controversia relacionada con el presente aviso legal, las partes aceptan el sometimiento expreso a los juzgados de Barcelona, salvo en el caso de que los usuarios tengan la consideraci\u00f3n de consumidores, en cuyo caso se estar\u00e1 a lo que establezca la normativa aplicable.<\/p>\n\n\n\n<p>La lengua utilizada ser\u00e1 el Castellano.<\/p>\n\n\n\n<p>\u00daltima revisi\u00f3n: 21\/03\/2024<\/p>\n","protected":false},"excerpt":{"rendered":"<p>El presente aviso legal regula el uso y utilizaci\u00f3n del sitio web&nbsp;https:\/\/gebro.es\/ &nbsp;del que es titular LABORATORIOS GEBRO PHARMA, S.A. (en adelante, el PROPIETARIO DE LA WEB). La navegaci\u00f3n por el sitio web del PROPIETARIO DE LA WEB le atribuye la condici\u00f3n de USUARIO del mismo y conlleva su aceptaci\u00f3n plena y sin reservas de [&hellip;]<\/p>\n","protected":false},"author":1,"featured_media":0,"parent":0,"menu_order":0,"comment_status":"closed","ping_status":"closed","template":"template-legals.blade.php","meta":{"_acf_changed":false,"footnotes":""},"class_list":["post-1527","page","type-page","status-publish","hentry"],"acf":[],"yoast_head":"<!-- This site is optimized with the Yoast SEO plugin v27.3 - https:\/\/yoast.com\/product\/yoast-seo-wordpress\/ -->\n<title>Aviso legal - Gebro Pharma<\/title>\n<meta name=\"robots\" content=\"index, follow, max-snippet:-1, max-image-preview:large, max-video-preview:-1\" \/>\n<link rel=\"canonical\" href=\"https:\/\/gebro.es\/ca\/aviso-legal\/\" \/>\n<meta property=\"og:locale\" content=\"ca_ES\" \/>\n<meta property=\"og:type\" content=\"article\" \/>\n<meta property=\"og:title\" content=\"Aviso legal - Gebro Pharma\" \/>\n<meta property=\"og:description\" content=\"El presente aviso legal regula el uso y utilizaci\u00f3n del sitio web&nbsp;https:\/\/gebro.es\/ &nbsp;del que es titular LABORATORIOS GEBRO PHARMA, S.A. (en adelante, el PROPIETARIO DE LA WEB). La navegaci\u00f3n por el sitio web del PROPIETARIO DE LA WEB le atribuye la condici\u00f3n de USUARIO del mismo y conlleva su aceptaci\u00f3n plena y sin reservas de [&hellip;]\" \/>\n<meta property=\"og:url\" content=\"https:\/\/gebro.es\/ca\/aviso-legal\/\" \/>\n<meta property=\"og:site_name\" content=\"Gebro Pharma\" \/>\n<meta name=\"twitter:card\" content=\"summary_large_image\" \/>\n<meta name=\"twitter:label1\" content=\"Temps estimat de lectura\" \/>\n\t<meta name=\"twitter:data1\" content=\"9 minuts\" \/>\n<script type=\"application\/ld+json\" class=\"yoast-schema-graph\">{\"@context\":\"https:\\\/\\\/schema.org\",\"@graph\":[{\"@type\":\"WebPage\",\"@id\":\"https:\\\/\\\/gebro.es\\\/ca\\\/aviso-legal\\\/\",\"url\":\"https:\\\/\\\/gebro.es\\\/ca\\\/aviso-legal\\\/\",\"name\":\"Aviso legal - Gebro Pharma\",\"isPartOf\":{\"@id\":\"https:\\\/\\\/gebro.es\\\/ca\\\/#website\"},\"datePublished\":\"2024-02-19T07:58:52+00:00\",\"breadcrumb\":{\"@id\":\"https:\\\/\\\/gebro.es\\\/ca\\\/aviso-legal\\\/#breadcrumb\"},\"inLanguage\":\"ca\",\"potentialAction\":[{\"@type\":\"ReadAction\",\"target\":[\"https:\\\/\\\/gebro.es\\\/ca\\\/aviso-legal\\\/\"]}]},{\"@type\":\"BreadcrumbList\",\"@id\":\"https:\\\/\\\/gebro.es\\\/ca\\\/aviso-legal\\\/#breadcrumb\",\"itemListElement\":[{\"@type\":\"ListItem\",\"position\":1,\"name\":\"\",\"item\":\"https:\\\/\\\/gebro.es\\\/ca\\\/\"},{\"@type\":\"ListItem\",\"position\":2,\"name\":\"Aviso legal\"}]},{\"@type\":\"WebSite\",\"@id\":\"https:\\\/\\\/gebro.es\\\/ca\\\/#website\",\"url\":\"https:\\\/\\\/gebro.es\\\/ca\\\/\",\"name\":\"Gebro Pharma\",\"description\":\"At Gebro Pharma we improve your health\",\"potentialAction\":[{\"@type\":\"SearchAction\",\"target\":{\"@type\":\"EntryPoint\",\"urlTemplate\":\"https:\\\/\\\/gebro.es\\\/ca\\\/?s={search_term_string}\"},\"query-input\":{\"@type\":\"PropertyValueSpecification\",\"valueRequired\":true,\"valueName\":\"search_term_string\"}}],\"inLanguage\":\"ca\"}]}<\/script>\n<!-- \/ Yoast SEO plugin. -->","yoast_head_json":{"title":"Aviso legal - Gebro Pharma","robots":{"index":"index","follow":"follow","max-snippet":"max-snippet:-1","max-image-preview":"max-image-preview:large","max-video-preview":"max-video-preview:-1"},"canonical":"https:\/\/gebro.es\/ca\/aviso-legal\/","og_locale":"ca_ES","og_type":"article","og_title":"Aviso legal - Gebro Pharma","og_description":"El presente aviso legal regula el uso y utilizaci\u00f3n del sitio web&nbsp;https:\/\/gebro.es\/ &nbsp;del que es titular LABORATORIOS GEBRO PHARMA, S.A. (en adelante, el PROPIETARIO DE LA WEB). La navegaci\u00f3n por el sitio web del PROPIETARIO DE LA WEB le atribuye la condici\u00f3n de USUARIO del mismo y conlleva su aceptaci\u00f3n plena y sin reservas de [&hellip;]","og_url":"https:\/\/gebro.es\/ca\/aviso-legal\/","og_site_name":"Gebro Pharma","twitter_card":"summary_large_image","twitter_misc":{"Temps estimat de lectura":"9 minuts"},"schema":{"@context":"https:\/\/schema.org","@graph":[{"@type":"WebPage","@id":"https:\/\/gebro.es\/ca\/aviso-legal\/","url":"https:\/\/gebro.es\/ca\/aviso-legal\/","name":"Aviso legal - Gebro Pharma","isPartOf":{"@id":"https:\/\/gebro.es\/ca\/#website"},"datePublished":"2024-02-19T07:58:52+00:00","breadcrumb":{"@id":"https:\/\/gebro.es\/ca\/aviso-legal\/#breadcrumb"},"inLanguage":"ca","potentialAction":[{"@type":"ReadAction","target":["https:\/\/gebro.es\/ca\/aviso-legal\/"]}]},{"@type":"BreadcrumbList","@id":"https:\/\/gebro.es\/ca\/aviso-legal\/#breadcrumb","itemListElement":[{"@type":"ListItem","position":1,"name":"","item":"https:\/\/gebro.es\/ca\/"},{"@type":"ListItem","position":2,"name":"Aviso legal"}]},{"@type":"WebSite","@id":"https:\/\/gebro.es\/ca\/#website","url":"https:\/\/gebro.es\/ca\/","name":"Gebro Pharma","description":"At Gebro Pharma we improve your health","potentialAction":[{"@type":"SearchAction","target":{"@type":"EntryPoint","urlTemplate":"https:\/\/gebro.es\/ca\/?s={search_term_string}"},"query-input":{"@type":"PropertyValueSpecification","valueRequired":true,"valueName":"search_term_string"}}],"inLanguage":"ca"}]}},"_links":{"self":[{"href":"https:\/\/gebro.es\/ca\/wp-json\/wp\/v2\/pages\/1527","targetHints":{"allow":["GET"]}}],"collection":[{"href":"https:\/\/gebro.es\/ca\/wp-json\/wp\/v2\/pages"}],"about":[{"href":"https:\/\/gebro.es\/ca\/wp-json\/wp\/v2\/types\/page"}],"author":[{"embeddable":true,"href":"https:\/\/gebro.es\/ca\/wp-json\/wp\/v2\/users\/1"}],"replies":[{"embeddable":true,"href":"https:\/\/gebro.es\/ca\/wp-json\/wp\/v2\/comments?post=1527"}],"version-history":[{"count":0,"href":"https:\/\/gebro.es\/ca\/wp-json\/wp\/v2\/pages\/1527\/revisions"}],"wp:attachment":[{"href":"https:\/\/gebro.es\/ca\/wp-json\/wp\/v2\/media?parent=1527"}],"curies":[{"name":"wp","href":"https:\/\/api.w.org\/{rel}","templated":true}]}}